{"id":4201,"date":"2021-04-14T08:51:20","date_gmt":"2021-04-14T07:51:20","guid":{"rendered":"https:\/\/omnikum.mk\/?page_id=4201"},"modified":"2021-04-14T09:57:37","modified_gmt":"2021-04-14T08:57:37","slug":"per-ne","status":"publish","type":"page","link":"https:\/\/omnikum.mk\/sq\/per-ne\/","title":{"rendered":"P\u00ebr Ne"},"content":{"rendered":"\t\t<div data-elementor-type=\"wp-page\" data-elementor-id=\"4201\" class=\"elementor elementor-4201 elementor-240\" data-elementor-settings=\"[]\">\n\t\t\t\t\t\t<div class=\"elementor-inner\">\n\t\t\t\t\t\t\t<div class=\"elementor-section-wrap\">\n\t\t\t\t\t\t\t<section class=\"elementor-section elementor-top-section elementor-element elementor-element-a9ade47 elementor-section-full_width elementor-section-stretched elementor-section-height-default elementor-section-height-default\" data-id=\"a9ade47\" data-element_type=\"section\" data-settings=\"{&quot;stretch_section&quot;:&quot;section-stretched&quot;,&quot;background_background&quot;:&quot;classic&quot;}\">\n\t\t\t\t\t\t<div class=\"elementor-container elementor-column-gap-default\">\n\t\t\t\t\t\t\t<div class=\"elementor-row\">\n\t\t\t\t\t<div class=\"elementor-column elementor-col-100 elementor-top-column elementor-element elementor-element-f2d4e50\" data-id=\"f2d4e50\" data-element_type=\"column\">\n\t\t\t<div class=\"elementor-column-wrap elementor-element-populated\">\n\t\t\t\t\t\t\t<div class=\"elementor-widget-wrap\">\n\t\t\t\t\t\t<div class=\"elementor-element elementor-element-9013879 elementor-widget-divider--view-line elementor-widget elementor-widget-divider\" data-id=\"9013879\" data-element_type=\"widget\" data-widget_type=\"divider.default\">\n\t\t\t\t<div class=\"elementor-widget-container\">\n\t\t\t\t\t<div class=\"elementor-divider\">\n\t\t\t<span class=\"elementor-divider-separator\">\n\t\t\t\t\t\t<\/span>\n\t\t<\/div>\n\t\t\t\t<\/div>\n\t\t\t\t<\/div>\n\t\t\t\t\t\t<\/div>\n\t\t\t\t\t<\/div>\n\t\t<\/div>\n\t\t\t\t\t\t\t\t<\/div>\n\t\t\t\t\t<\/div>\n\t\t<\/section>\n\t\t\t\t<section class=\"elementor-section elementor-top-section elementor-element elementor-element-63e6 elementor-section-boxed elementor-section-height-default elementor-section-height-default\" data-id=\"63e6\" data-element_type=\"section\">\n\t\t\t\t\t\t<div class=\"elementor-container elementor-column-gap-default\">\n\t\t\t\t\t\t\t<div class=\"elementor-row\">\n\t\t\t\t\t<div class=\"elementor-column elementor-col-100 elementor-top-column elementor-element elementor-element-3241\" data-id=\"3241\" data-element_type=\"column\">\n\t\t\t<div class=\"elementor-column-wrap elementor-element-populated\">\n\t\t\t\t\t\t\t<div class=\"elementor-widget-wrap\">\n\t\t\t\t\t\t<div class=\"elementor-element elementor-element-74b elementor-widget elementor-widget-heading\" data-id=\"74b\" data-element_type=\"widget\" data-widget_type=\"heading.default\">\n\t\t\t\t<div class=\"elementor-widget-container\">\n\t\t\t<h2 class=\"elementor-heading-title elementor-size-default\">\u201cOmnikum brendi n\u00eb portofolin e vet p\u00ebrmban kategori t\u00eb ndryshme t\u00eb produkteve t\u00eb cilat mund t\u2019i gjeni kryesisht n\u00eb barnatoret PlusPharma.<\/h2>\t\t<\/div>\n\t\t\t\t<\/div>\n\t\t\t\t<div class=\"elementor-element elementor-element-2528 elementor-widget elementor-widget-text-editor\" data-id=\"2528\" data-element_type=\"widget\" data-widget_type=\"text-editor.default\">\n\t\t\t\t<div class=\"elementor-widget-container\">\n\t\t\t\t\t<div class=\"elementor-text-editor elementor-clearfix\"><p>Q\u00ebllimi dhe ideja kryesore me t\u00eb cilat jan\u00eb krijuar dhe formuluar \u00ebsht\u00eb p\u00ebrparimi i sh\u00ebndetit t\u00eb bler\u00ebsit.<\/p><p>N\u00eb krijimin e produkteve punon ekipi i shum\u00eb njer\u00ebzve profesionist\u00eb (farmacist\u00eb dhe mjek\u00eb) t\u00eb cil\u00ebt duke i p\u00ebrdorur informacionet m\u00eb t\u00eb reja dhe risit\u00eb shkencore nga p\u00ebrvojat n\u00ebp\u00ebr bot\u00eb, me p\u00ebrkushtim dhe me kujdes e b\u00ebjn\u00eb zgjedhjen dhe kombinimin e p\u00ebrb\u00ebrsve t\u00eb ndrysh\u00ebm, duke fituar produkte cil\u00ebsore t\u00eb prodhuara n\u00ebp\u00ebr fabrikat e Unionit Evropian (Holand\u00eb).<\/p><\/div>\n\t\t\t\t<\/div>\n\t\t\t\t<\/div>\n\t\t\t\t<div class=\"elementor-element elementor-element-910a763 elementor-aspect-ratio-169 elementor-widget elementor-widget-video\" data-id=\"910a763\" data-element_type=\"widget\" data-settings=\"{&quot;aspect_ratio&quot;:&quot;169&quot;}\" data-widget_type=\"video.default\">\n\t\t\t\t<div class=\"elementor-widget-container\">\n\t\t\t\t\t<div class=\"elementor-wrapper elementor-fit-aspect-ratio elementor-open-inline\">\n\t\t\t<iframe class=\"elementor-video-iframe\" allowfullscreen title=\"youtube Video Player\" src=\"https:\/\/www.youtube-nocookie.com\/embed\/W0jua83IJ-I?feature=oembed&amp;autoplay=1&amp;playsinline=1&amp;playlist=W0jua83IJ-I&amp;wmode=opaque&amp;loop=1&amp;controls=1&amp;mute=0&amp;rel=0&amp;modestbranding=1\"><\/iframe>\t\t<\/div>\n\t\t\t\t<\/div>\n\t\t\t\t<\/div>\n\t\t\t\t<div class=\"elementor-element elementor-element-5c9514a elementor-widget elementor-widget-text-editor\" data-id=\"5c9514a\" data-element_type=\"widget\" data-widget_type=\"text-editor.default\">\n\t\t\t\t<div class=\"elementor-widget-container\">\n\t\t\t\t\t<div class=\"elementor-text-editor elementor-clearfix\"><p>Me zhvillimin teknologjik dhe zhvillimin e vet\u00ebdijes njer\u00ebzore, vlerat njer\u00ebzore jan\u00eb gjithnj\u00eb e m\u00eb shum\u00eb n\u00eb fokus. Theksi vihet n\u00eb m\u00ebnyr\u00ebn e sh\u00ebndetshme t\u00eb jetes\u00ebs, r\u00ebnd\u00ebsin\u00eb e t\u00eb ushqyerit organik, aktivitetet sportive, meditimin etj&#8230;<\/p><p>Nj\u00eb motiv i madh n\u00eb krijimin e k\u00ebtyre produkteve ishte leht\u00ebsimi i aktiviteteve t\u00eb p\u00ebrditshme, funksionimi n\u00eb nj\u00eb nivel m\u00eb t\u00eb lart\u00eb n\u00eb kryerjen e obligimeve t\u00eb p\u00ebrditshme, duke siguruar k\u00ebshtu k\u00ebnaq\u00ebsi dhe m\u00eb shum\u00eb energji p\u00ebr nj\u00eb jet\u00eb m\u00eb t\u00eb lumtur.<\/p><p>Omnikum produktet jua ofrojn\u00eb pik\u00ebrisht at\u00eb. Plot\u00ebsim i sh\u00ebndetsh\u00ebm i nevojave ditore t\u00eb vitaminave dhe mineraleve, n\u00eb m\u00ebnyr\u00eb q\u00eb t\u00eb sigurohet funksionimi dhe mbrojtja e duhur e trupit.\u201d<\/p><\/div>\n\t\t\t\t<\/div>\n\t\t\t\t<\/div>\n\t\t\t\t\t\t<\/div>\n\t\t\t\t\t<\/div>\n\t\t<\/div>\n\t\t\t\t\t\t\t\t<\/div>\n\t\t\t\t\t<\/div>\n\t\t<\/section>\n\t\t\t\t<section class=\"elementor-section elementor-top-section elementor-element elementor-element-c87c4b0 elementor-section-boxed elementor-section-height-default elementor-section-height-default\" data-id=\"c87c4b0\" data-element_type=\"section\">\n\t\t\t\t\t\t<div class=\"elementor-container elementor-column-gap-default\">\n\t\t\t\t\t\t\t<div class=\"elementor-row\">\n\t\t\t\t\t<div class=\"elementor-column elementor-col-50 elementor-top-column elementor-element elementor-element-aa9cc12\" data-id=\"aa9cc12\" data-element_type=\"column\">\n\t\t\t<div class=\"elementor-column-wrap elementor-element-populated\">\n\t\t\t\t\t\t\t<div class=\"elementor-widget-wrap\">\n\t\t\t\t\t\t<div class=\"elementor-element elementor-element-e82a4b0 elementor-widget elementor-widget-sober-banner\" data-id=\"e82a4b0\" data-element_type=\"widget\" data-widget_type=\"sober-banner.default\">\n\t\t\t\t<div class=\"elementor-widget-container\">\n\t\t\t\t\t<div class=\"sober-banner-image sober-banner--elementor sober-banner-image--hover-box sober-banner-image--button-visible-always sober-banner-image--content-left-top sober-banner-image--content-sm-left-top sober-banner-image--content-xs-left-top\">\n\t\t\t<a class=\"sober-banner-image__link\" href=\"https:\/\/omnikum.mk\/sq\/pyetje-shpesh-te-parashtruara\/\">\t\t\t\t<img width=\"1080\" height=\"600\" src=\"https:\/\/omnikum.mk\/wp-content\/uploads\/2021\/02\/Omnikum-food-supplements-baner-1.png\" class=\"attachment-full size-full\" alt=\"Omnikum food supplements baner (1)\" loading=\"lazy\" srcset=\"https:\/\/omnikum.mk\/wp-content\/uploads\/2021\/02\/Omnikum-food-supplements-baner-1.png 1080w, https:\/\/omnikum.mk\/wp-content\/uploads\/2021\/02\/Omnikum-food-supplements-baner-1-300x167.png 300w, https:\/\/omnikum.mk\/wp-content\/uploads\/2021\/02\/Omnikum-food-supplements-baner-1-1024x569.png 1024w, https:\/\/omnikum.mk\/wp-content\/uploads\/2021\/02\/Omnikum-food-supplements-baner-1-768x427.png 768w, https:\/\/omnikum.mk\/wp-content\/uploads\/2021\/02\/Omnikum-food-supplements-baner-1-937x521.png 937w\" sizes=\"(max-width: 1080px) 100vw, 1080px\" \/>\n\t\t\t\t<div class=\"sober-banner-image__content\">\n\t\t\t\t\t\t\t\t\t\t\t<div class=\"sober-banner-image__subtitle\">P\u00ebrgjigjet n\u00eb<\/div>\n\t\t\t\t\t\n\t\t\t\t\t\t\t\t\t\t\t<div class=\"sober-banner-image__title\">Pyetjet shpesh t\u00eb <br> parashtruara<\/div>\n\t\t\t\t\t\n\t\t\t\t\t\n\t\t\t\t\t<div class=\"sober-banner-image__buttons\">\n\t\t\t\t\t\t<span class=\"sober-banner-image__button sober-banner-image__button--main sober-banner-image__button--light\">Lexo m\u00eb shum\u00eb<\/span>\t\t\t\t\t\t\t\t\t\t\t<\/div>\n\t\t\t\t<\/div>\n\t\t\t<\/a>\t\t<\/div>\n\t\t\t\t<\/div>\n\t\t\t\t<\/div>\n\t\t\t\t\t\t<\/div>\n\t\t\t\t\t<\/div>\n\t\t<\/div>\n\t\t\t\t<div class=\"elementor-column elementor-col-50 elementor-top-column elementor-element elementor-element-c336193\" data-id=\"c336193\" data-element_type=\"column\">\n\t\t\t<div class=\"elementor-column-wrap elementor-element-populated\">\n\t\t\t\t\t\t\t<div class=\"elementor-widget-wrap\">\n\t\t\t\t\t\t<div class=\"elementor-element elementor-element-1050b75 elementor-widget elementor-widget-sober-banner\" data-id=\"1050b75\" data-element_type=\"widget\" data-widget_type=\"sober-banner.default\">\n\t\t\t\t<div class=\"elementor-widget-container\">\n\t\t\t\t\t<div class=\"sober-banner-image sober-banner--elementor sober-banner-image--hover-box sober-banner-image--button-visible-always sober-banner-image--content-left-top sober-banner-image--content-sm-left-top sober-banner-image--content-xs-left-top\">\n\t\t\t<a class=\"sober-banner-image__link\" href=\"https:\/\/omnikum.mk\/sq\/rrjeti-i-shitjes\/\">\t\t\t\t<img width=\"1080\" height=\"600\" src=\"https:\/\/omnikum.mk\/wp-content\/uploads\/2021\/02\/Omnikum-food-supplements-baner-1.png\" class=\"attachment-full size-full\" alt=\"Omnikum food supplements baner (1)\" loading=\"lazy\" srcset=\"https:\/\/omnikum.mk\/wp-content\/uploads\/2021\/02\/Omnikum-food-supplements-baner-1.png 1080w, https:\/\/omnikum.mk\/wp-content\/uploads\/2021\/02\/Omnikum-food-supplements-baner-1-300x167.png 300w, https:\/\/omnikum.mk\/wp-content\/uploads\/2021\/02\/Omnikum-food-supplements-baner-1-1024x569.png 1024w, https:\/\/omnikum.mk\/wp-content\/uploads\/2021\/02\/Omnikum-food-supplements-baner-1-768x427.png 768w, https:\/\/omnikum.mk\/wp-content\/uploads\/2021\/02\/Omnikum-food-supplements-baner-1-937x521.png 937w\" sizes=\"(max-width: 1080px) 100vw, 1080px\" \/>\n\t\t\t\t<div class=\"sober-banner-image__content\">\n\t\t\t\t\t\t\t\t\t\t\t<div class=\"sober-banner-image__subtitle\">Shikojeni rrjetin<\/div>\n\t\t\t\t\t\n\t\t\t\t\t\t\t\t\t\t\t<div class=\"sober-banner-image__title\">Ton\u00eb t\u00eb <br> shitjes<\/div>\n\t\t\t\t\t\n\t\t\t\t\t\n\t\t\t\t\t<div class=\"sober-banner-image__buttons\">\n\t\t\t\t\t\t<span class=\"sober-banner-image__button sober-banner-image__button--main sober-banner-image__button--light\">Shiko barnatoret<\/span>\t\t\t\t\t\t\t\t\t\t\t<\/div>\n\t\t\t\t<\/div>\n\t\t\t<\/a>\t\t<\/div>\n\t\t\t\t<\/div>\n\t\t\t\t<\/div>\n\t\t\t\t\t\t<\/div>\n\t\t\t\t\t<\/div>\n\t\t<\/div>\n\t\t\t\t\t\t\t\t<\/div>\n\t\t\t\t\t<\/div>\n\t\t<\/section>\n\t\t\t\t<section class=\"elementor-section elementor-top-section elementor-element elementor-element-d454885 elementor-section-boxed elementor-section-height-default elementor-section-height-default\" data-id=\"d454885\" data-element_type=\"section\">\n\t\t\t\t\t\t<div class=\"elementor-container elementor-column-gap-default\">\n\t\t\t\t\t\t\t<div class=\"elementor-row\">\n\t\t\t\t\t<div class=\"elementor-column elementor-col-100 elementor-top-column elementor-element elementor-element-af98d37\" data-id=\"af98d37\" data-element_type=\"column\">\n\t\t\t<div class=\"elementor-column-wrap elementor-element-populated\">\n\t\t\t\t\t\t\t<div class=\"elementor-widget-wrap\">\n\t\t\t\t\t\t<div class=\"elementor-element elementor-element-8148f43 elementor-widget elementor-widget-text-editor\" data-id=\"8148f43\" data-element_type=\"widget\" data-widget_type=\"text-editor.default\">\n\t\t\t\t<div class=\"elementor-widget-container\">\n\t\t\t\t\t<div class=\"elementor-text-editor elementor-clearfix\"><p>Gjat\u00eb gjith\u00eb procesit t\u00eb p\u00ebrgatitjes s\u00eb produkteve p\u00ebr k\u00ebt\u00eb mark\u00eb, ne u udh\u00ebzuam nga ajo q\u00eb m\u00eb s\u00eb shumti mungon n\u00eb trup me stilin e sot\u00ebm t\u00eb jet\u00ebs dhe ka nj\u00eb r\u00ebnd\u00ebsi t\u00eb madhe p\u00ebr funksionimin normal dhe t\u00eb p\u00ebrparuar t\u00eb secilit person.<\/p><p>P\u00ebrfundimi n\u00eb t\u00eb cilin arrit\u00ebm ishte i qart\u00eb. P\u00ebrve\u00e7 zgjedhjes s\u00eb materialeve fillestare cil\u00ebsore, \u00ebsht\u00eb shum\u00eb e r\u00ebnd\u00ebsishme ndjekja e k\u00ebrkimeve dhe njohurive m\u00eb t\u00eb fundit n\u00eb shkenc\u00eb, t\u00eb cilat garantojn\u00eb nj\u00eb produkt q\u00eb funksionon. I gjith\u00eb portofoli i produkteve t\u00eb mark\u00ebs Omnikum prodhohet sipas standardeve m\u00eb t\u00eb fundit teknologjike, t\u00eb cilat drejtohen nga rregulloret evropiane.<\/p><p>P\u00ebr k\u00ebt\u00eb Omnikum me krenari jua paraqet nj\u00eb filozofi m\u00eb ndryshe t\u00eb qasjes n\u00eb krijimin e produkteve p\u00ebr t\u00eb mb\u00ebshtetur trupin tuaj.<\/p><p>Marka Omnikum n\u00eb portofolin e saj p\u00ebrmban disa kategori t\u00eb ndryshme t\u00eb produkteve q\u00eb ndihmojn\u00eb n\u00eb p\u00ebrmir\u00ebsimin dhe mir\u00ebmbajtjen e sh\u00ebndetit t\u00eb njeriut si dhe funksionimin e avancuar t\u00eb trupit dhe mendjes.<\/p><\/div>\n\t\t\t\t<\/div>\n\t\t\t\t<\/div>\n\t\t\t\t<div class=\"elementor-element elementor-element-57eb2e4 elementor-widget elementor-widget-heading\" data-id=\"57eb2e4\" data-element_type=\"widget\" data-widget_type=\"heading.default\">\n\t\t\t\t<div class=\"elementor-widget-container\">\n\t\t\t<h2 class=\"elementor-heading-title elementor-size-default\">K\u00ebshtu q\u00eb ne nuk ndalemi k\u00ebtu, tradit\u00ebn dhe p\u00ebrvoj\u00ebn q\u00eb e ka ekipi i Omnikum, synon q\u00eb t\u00eb krijoj\u00eb dhe zgjeroj\u00eb linjat e produkteve nga segmente t\u00eb tjera t\u00eb farmacis\u00eb dhe jetes\u00ebs s\u00eb sh\u00ebndetshme.<\/h2>\t\t<\/div>\n\t\t\t\t<\/div>\n\t\t\t\t\t\t<\/div>\n\t\t\t\t\t<\/div>\n\t\t<\/div>\n\t\t\t\t\t\t\t\t<\/div>\n\t\t\t\t\t<\/div>\n\t\t<\/section>\n\t\t\t\t\t\t<\/div>\n\t\t\t\t\t\t<\/div>\n\t\t\t\t\t<\/div>\n\t\t","protected":false},"excerpt":{"rendered":"<p>\u201cOmnikum brendi n\u00eb portofolin e vet p\u00ebrmban kategori t\u00eb ndryshme t\u00eb produkteve t\u00eb cilat mund t\u2019i gjeni kryesisht n\u00eb barnatoret PlusPharma. Q\u00ebllimi dhe ideja kryesore me t\u00eb cilat jan\u00eb krijuar&hellip;<\/p>\n","protected":false},"author":1,"featured_media":4064,"parent":0,"menu_order":0,"comment_status":"closed","ping_status":"closed","template":"","meta":[],"yoast_head":"<!-- This site is optimized with the Yoast SEO plugin v15.6.2 - https:\/\/yoast.com\/wordpress\/plugins\/seo\/ -->\n<title>P\u00ebr Ne | Omnikum<\/title>\n<meta name=\"robots\" content=\"index, follow, max-snippet:-1, max-image-preview:large, max-video-preview:-1\" \/>\n<link rel=\"canonical\" href=\"https:\/\/omnikum.mk\/sq\/per-ne\/\" \/>\n<meta property=\"og:locale\" content=\"sq_AL\" \/>\n<meta property=\"og:type\" content=\"article\" \/>\n<meta property=\"og:title\" content=\"P\u00ebr Ne | Omnikum\" \/>\n<meta property=\"og:description\" content=\"\u201cOmnikum brendi n\u00eb portofolin e vet p\u00ebrmban kategori t\u00eb ndryshme t\u00eb produkteve t\u00eb cilat mund t\u2019i gjeni kryesisht n\u00eb barnatoret PlusPharma. Q\u00ebllimi dhe ideja kryesore me t\u00eb cilat jan\u00eb krijuar&hellip;\" \/>\n<meta property=\"og:url\" content=\"https:\/\/omnikum.mk\/sq\/per-ne\/\" \/>\n<meta property=\"og:site_name\" content=\"\u041e\u043c\u043d\u0438\u043a\u0443\u043c\" \/>\n<meta property=\"article:modified_time\" content=\"2021-04-14T08:57:37+00:00\" \/>\n<meta property=\"og:image\" content=\"https:\/\/omnikum.mk\/wp-content\/uploads\/2021\/01\/Featured-image-Omnikum.png\" \/>\n\t<meta property=\"og:image:width\" content=\"1200\" \/>\n\t<meta property=\"og:image:height\" content=\"628\" \/>\n<meta name=\"twitter:card\" content=\"summary_large_image\" \/>\n<meta name=\"twitter:label1\" content=\"Est. reading time\">\n\t<meta name=\"twitter:data1\" content=\"3 minutes\">\n<script type=\"application\/ld+json\" class=\"yoast-schema-graph\">{\"@context\":\"https:\/\/schema.org\",\"@graph\":[{\"@type\":\"Organization\",\"@id\":\"https:\/\/omnikum.mk\/#organization\",\"name\":\"\\u041e\\u043c\\u043d\\u0438\\u043a\\u0443\\u043c\",\"url\":\"https:\/\/omnikum.mk\/\",\"sameAs\":[],\"logo\":{\"@type\":\"ImageObject\",\"@id\":\"https:\/\/omnikum.mk\/#logo\",\"inLanguage\":\"sq-AL\",\"url\":\"https:\/\/omnikum.mk\/wp-content\/uploads\/2021\/01\/Logo-Omnikum-1.png\",\"width\":1000,\"height\":1000,\"caption\":\"\\u041e\\u043c\\u043d\\u0438\\u043a\\u0443\\u043c\"},\"image\":{\"@id\":\"https:\/\/omnikum.mk\/#logo\"}},{\"@type\":\"WebSite\",\"@id\":\"https:\/\/omnikum.mk\/#website\",\"url\":\"https:\/\/omnikum.mk\/\",\"name\":\"\\u041e\\u043c\\u043d\\u0438\\u043a\\u0443\\u043c\",\"description\":\"\\u041e\\u0444\\u0438\\u0446\\u0438\\u0458\\u0430\\u043b\\u043d\\u0430 \\u0432\\u0435\\u0431 \\u0441\\u0442\\u0440\\u0430\\u043d\\u0430\",\"publisher\":{\"@id\":\"https:\/\/omnikum.mk\/#organization\"},\"potentialAction\":[{\"@type\":\"SearchAction\",\"target\":\"https:\/\/omnikum.mk\/?s={search_term_string}\",\"query-input\":\"required name=search_term_string\"}],\"inLanguage\":\"sq-AL\"},{\"@type\":\"ImageObject\",\"@id\":\"https:\/\/omnikum.mk\/sq\/per-ne\/#primaryimage\",\"inLanguage\":\"sq-AL\",\"url\":\"https:\/\/omnikum.mk\/wp-content\/uploads\/2021\/01\/Featured-image-Omnikum.png\",\"width\":1200,\"height\":628},{\"@type\":\"WebPage\",\"@id\":\"https:\/\/omnikum.mk\/sq\/per-ne\/#webpage\",\"url\":\"https:\/\/omnikum.mk\/sq\/per-ne\/\",\"name\":\"P\\u00ebr Ne | Omnikum\",\"isPartOf\":{\"@id\":\"https:\/\/omnikum.mk\/#website\"},\"primaryImageOfPage\":{\"@id\":\"https:\/\/omnikum.mk\/sq\/per-ne\/#primaryimage\"},\"datePublished\":\"2021-04-14T07:51:20+00:00\",\"dateModified\":\"2021-04-14T08:57:37+00:00\",\"inLanguage\":\"sq-AL\",\"potentialAction\":[{\"@type\":\"ReadAction\",\"target\":[\"https:\/\/omnikum.mk\/sq\/per-ne\/\"]}]}]}<\/script>\n<!-- \/ Yoast SEO plugin. -->","_links":{"self":[{"href":"https:\/\/omnikum.mk\/sq\/wp-json\/wp\/v2\/pages\/4201"}],"collection":[{"href":"https:\/\/omnikum.mk\/sq\/wp-json\/wp\/v2\/pages"}],"about":[{"href":"https:\/\/omnikum.mk\/sq\/wp-json\/wp\/v2\/types\/page"}],"author":[{"embeddable":true,"href":"https:\/\/omnikum.mk\/sq\/wp-json\/wp\/v2\/users\/1"}],"replies":[{"embeddable":true,"href":"https:\/\/omnikum.mk\/sq\/wp-json\/wp\/v2\/comments?post=4201"}],"version-history":[{"count":17,"href":"https:\/\/omnikum.mk\/sq\/wp-json\/wp\/v2\/pages\/4201\/revisions"}],"predecessor-version":[{"id":4232,"href":"https:\/\/omnikum.mk\/sq\/wp-json\/wp\/v2\/pages\/4201\/revisions\/4232"}],"wp:featuredmedia":[{"embeddable":true,"href":"https:\/\/omnikum.mk\/sq\/wp-json\/wp\/v2\/media\/4064"}],"wp:attachment":[{"href":"https:\/\/omnikum.mk\/sq\/wp-json\/wp\/v2\/media?parent=4201"}],"curies":[{"name":"wp","href":"https:\/\/api.w.org\/{rel}","templated":true}]}}