{"id":4024,"date":"2021-04-13T10:00:22","date_gmt":"2021-04-13T09:00:22","guid":{"rendered":"https:\/\/omnikum.mk\/?post_type=product&#038;p=4024"},"modified":"2021-12-07T14:27:09","modified_gmt":"2021-12-07T13:27:09","slug":"omnikum-magnesium-400","status":"publish","type":"product","link":"https:\/\/omnikum.mk\/sq\/product\/omnikum-magnesium-400\/","title":{"rendered":"Omnikum Magnesium 400"},"content":{"rendered":"<p><strong>\u201c\u00c7ka \u00ebsht\u00eb Omnikum Magnesium dhe p\u00ebr \u00e7ka p\u00ebrdoret?<\/strong><\/p>\n<p>Magnezi \u00ebsht\u00eb mineral i r\u00ebnd\u00ebsish\u00ebm p\u00ebr gjendjen tuaj t\u00eb p\u00ebrgjithshme sh\u00ebndet\u00ebsore.<\/p>\n<p>Magnezi \u00ebsht\u00eb mineral i cili ka rol n\u00eb procesin e ndarjes s\u00eb qeliz\u00ebs. Kontribuon p\u00ebr funksionin normal psikologjik, mir\u00ebmbajtjen e eshtrave dhe dh\u00ebmb\u00ebve normal, baraspesh\u00ebn e elektroliteve, sintez\u00eb normale t\u00eb proteinave, zvog\u00eblimin e lodhjes dhe raskapitjes, metaboliz\u00ebm normal energjetik, funksion normal t\u00eb muskujve dhe funksionim normal t\u00eb sistemit nervor.<\/p>\n<p>Marrja e duhur e magnezit ndikon n\u00eb m\u00ebnyr\u00eb t\u00eb volitshme n\u00eb performancat fizike t\u00eb organizmit.<\/p>\n<p>Organizmi nuk mund t\u00eb prodhoj\u00eb vet\u00eb magnezin, k\u00ebshtu q\u00eb \u00ebsht\u00eb e domosdoshme marrja shtes\u00eb ditore me ushqimin.<\/p>\n<p>Vitamina B6 kontribuon p\u00ebr funksionimin normal t\u00eb sistemit nervor dhe imunitar si dhe p\u00ebr funksion normal fiziologjik. \u00cbsht\u00eb i p\u00ebrfshir\u00eb n\u00eb proceset e sintez\u00ebs s\u00eb cistein\u00ebs si dhe n\u00eb metabolizmin e protein\u00ebs dhe glikogjenit. Merr pjes\u00eb n\u00eb formimin e rruazave t\u00eb kuqe t\u00eb gjakut.<\/p>\n<p>L-Triptofan \u00ebsht\u00eb pararend\u00ebs natyror i serotonin\u00ebs i cili ndihmon n\u00eb mbajtjen e disponimit pozitiv dhe funksioneve t\u00eb mira kognitive.<\/p>\n<p>Omnikum Magnesium i yn\u00eb ndihmon q\u00eb:<\/p>\n<p>ta mbani energjin\u00eb e nevojshme gjat\u00eb gjith\u00eb dit\u00ebs;<br \/>\nta rregulloni pun\u00ebn e trurit dhe gjith\u00eb sistemit nervor;<br \/>\nt\u2019i relaksoni muskujt pas dit\u00ebs s\u00eb r\u00ebnd\u00eb me pun\u00eb ose me trajnime;<br \/>\nndihmon n\u00eb formimin e proteinave t\u00eb reja;<br \/>\nta mbani t\u00eb rregullt ritmin e zemr\u00ebs;<br \/>\nt\u2019i mbani eshtrat, thonjt\u00eb dhe dh\u00ebmb\u00ebt tuaj t\u00eb sh\u00ebndetsh\u00ebm;<br \/>\nta mbani presionin e gjakut n\u00eb normale;<br \/>\nta p\u00ebrmir\u00ebsoni koncentrimin dhe memorien;<br \/>\nta p\u00ebrmir\u00ebsoni disponimin tuaj;<\/p>\n<p>N\u00ebse keni problem me pirjen e kapsulave, ato mund t\u2019i hapni, p\u00ebrmbajtjen ta tretni n\u00eb uj\u00eb ose jogurt dhe ashtu t\u2019i konsumoni.<\/p>\n<p>Formul\u00eb special e krijuar p\u00ebr shtojc\u00eb n\u00eb ushqimin tuaj, Omnikum Magnesium 400!<\/p>\n<p>Doza e rekomanduar \u00ebsht\u00eb 1 kapsul\u00eb n\u00eb dit\u00eb.<\/p>\n<p><strong>Sh\u00ebndeti meriton m\u00eb shum\u00eb! <\/strong><br \/>\n<strong>K\u00ebrkojeni n\u00eb barnatoret e PlusPharma!\u201d<\/strong><\/p>\n","protected":false},"excerpt":{"rendered":"<p>\u00c7do kapsul\u00eb Omnikum Magnesium 400 p\u00ebrmban 400mg magnez elementar, L-triptofan 25mg dhe vitamin\u00eb B6 1.4mg.<\/p>\n<p>Merr pjes\u00eb n\u00eb relaksimin e muskujve t\u00eb tendosur t\u00eb trupit, e zmadhon elasticitetin e tyre, por gjithashtu merr pjes\u00eb n\u00eb nd\u00ebrtimin e eshtrave.<\/p>\n<p>L-Triptofan \u00ebsht\u00eb aminoacid i cili \u00ebsht\u00eb pararend\u00ebs i serotonin\u00ebs i cili ndihmon n\u00eb mbajtjen e disponimit pozitiv dhe n\u00eb mir\u00ebmbajtjen e funksioneve t\u00eb mira kognitive.<\/p>\n<p>Vitamin B6 ka shum\u00eb role. Ai kontribuon p\u00ebr funksionimin normal t\u00eb sistemit nervor dhe imun si dhe p\u00ebr funksionin normal fiziologjik. Ai p\u00ebrfshihet n\u00eb proceset e sintez\u00ebs s\u00eb cistein\u00ebs dhe n\u00eb metabolizmin e proteinave dhe glikogjenit. Merr pjes\u00eb edhe n\u00eb formimin e rruazave t\u00eb kuqe t\u00eb gjakut.<\/p>\n<p><strong>P\u00ebrb\u00ebrja:<\/strong> Magnez 400mg (Oksid magnezi 630mg, Citrat magnezi 64,5mg, aminoacid si helat lidh\u00ebs 50mg), L-Triptofan 25mg, Vitamin\u00eb B6 1,4mg.<\/p>\n<p><strong>Nj\u00eb kapsul\u00eb liron 400mg magnez t\u00eb past\u00ebr i cili \u00ebsht\u00eb n\u00eb dispozicion p\u00ebr absorbim.\u201d<\/strong><\/p>\n","protected":false},"featured_media":4924,"comment_status":"closed","ping_status":"closed","template":"","meta":[],"yoast_head":"<!-- This site is optimized with the Yoast SEO plugin v15.6.2 - https:\/\/yoast.com\/wordpress\/plugins\/seo\/ -->\n<title>Omnikum Magnesium 400 - \u041e\u043c\u043d\u0438\u043a\u0443\u043c<\/title>\n<meta name=\"robots\" content=\"index, follow, max-snippet:-1, max-image-preview:large, max-video-preview:-1\" \/>\n<link rel=\"canonical\" href=\"https:\/\/omnikum.mk\/sq\/product\/omnikum-magnesium-400\/\" \/>\n<meta property=\"og:locale\" content=\"sq_AL\" \/>\n<meta property=\"og:type\" content=\"article\" \/>\n<meta property=\"og:title\" content=\"Omnikum Magnesium 400 - \u041e\u043c\u043d\u0438\u043a\u0443\u043c\" \/>\n<meta property=\"og:description\" content=\"\u00c7do kapsul\u00eb Omnikum Magnesium 400 p\u00ebrmban 400mg magnez elementar, L-triptofan 25mg dhe vitamin\u00eb B6 1.4mg.  Merr pjes\u00eb n\u00eb relaksimin e muskujve t\u00eb tendosur t\u00eb trupit, e zmadhon elasticitetin e tyre, por gjithashtu merr pjes\u00eb n\u00eb nd\u00ebrtimin e eshtrave.  L-Triptofan \u00ebsht\u00eb aminoacid i cili \u00ebsht\u00eb pararend\u00ebs i serotonin\u00ebs i cili ndihmon n\u00eb mbajtjen e disponimit pozitiv dhe n\u00eb mir\u00ebmbajtjen e funksioneve t\u00eb mira kognitive.  Vitamin B6 ka shum\u00eb role. Ai kontribuon p\u00ebr funksionimin normal t\u00eb sistemit nervor dhe imun si dhe p\u00ebr funksionin normal fiziologjik. Ai p\u00ebrfshihet n\u00eb proceset e sintez\u00ebs s\u00eb cistein\u00ebs dhe n\u00eb metabolizmin e proteinave dhe glikogjenit. Merr pjes\u00eb edhe n\u00eb formimin e rruazave t\u00eb kuqe t\u00eb gjakut.  P\u00ebrb\u00ebrja: Magnez 400mg (Oksid magnezi 630mg, Citrat magnezi 64,5mg, aminoacid si helat lidh\u00ebs 50mg), L-Triptofan 25mg, Vitamin\u00eb B6 1,4mg.  Nj\u00eb kapsul\u00eb liron 400mg magnez t\u00eb past\u00ebr i cili \u00ebsht\u00eb n\u00eb dispozicion p\u00ebr absorbim.\u201d\" \/>\n<meta property=\"og:url\" content=\"https:\/\/omnikum.mk\/sq\/product\/omnikum-magnesium-400\/\" \/>\n<meta property=\"og:site_name\" content=\"\u041e\u043c\u043d\u0438\u043a\u0443\u043c\" \/>\n<meta property=\"article:modified_time\" content=\"2021-12-07T13:27:09+00:00\" \/>\n<meta property=\"og:image\" content=\"https:\/\/omnikum.mk\/wp-content\/uploads\/2021\/01\/Omnikum-Magnesium-400.png\" \/>\n\t<meta property=\"og:image:width\" content=\"1000\" \/>\n\t<meta property=\"og:image:height\" content=\"1000\" \/>\n<meta name=\"twitter:card\" content=\"summary_large_image\" \/>\n<meta name=\"twitter:label1\" content=\"Est. reading time\">\n\t<meta name=\"twitter:data1\" content=\"2 minutes\">\n<script type=\"application\/ld+json\" class=\"yoast-schema-graph\">{\"@context\":\"https:\/\/schema.org\",\"@graph\":[{\"@type\":\"Organization\",\"@id\":\"https:\/\/omnikum.mk\/#organization\",\"name\":\"\\u041e\\u043c\\u043d\\u0438\\u043a\\u0443\\u043c\",\"url\":\"https:\/\/omnikum.mk\/\",\"sameAs\":[],\"logo\":{\"@type\":\"ImageObject\",\"@id\":\"https:\/\/omnikum.mk\/#logo\",\"inLanguage\":\"sq-AL\",\"url\":\"https:\/\/omnikum.mk\/wp-content\/uploads\/2021\/01\/Logo-Omnikum-1.png\",\"width\":1000,\"height\":1000,\"caption\":\"\\u041e\\u043c\\u043d\\u0438\\u043a\\u0443\\u043c\"},\"image\":{\"@id\":\"https:\/\/omnikum.mk\/#logo\"}},{\"@type\":\"WebSite\",\"@id\":\"https:\/\/omnikum.mk\/#website\",\"url\":\"https:\/\/omnikum.mk\/\",\"name\":\"\\u041e\\u043c\\u043d\\u0438\\u043a\\u0443\\u043c\",\"description\":\"\\u041e\\u0444\\u0438\\u0446\\u0438\\u0458\\u0430\\u043b\\u043d\\u0430 \\u0432\\u0435\\u0431 \\u0441\\u0442\\u0440\\u0430\\u043d\\u0430\",\"publisher\":{\"@id\":\"https:\/\/omnikum.mk\/#organization\"},\"potentialAction\":[{\"@type\":\"SearchAction\",\"target\":\"https:\/\/omnikum.mk\/?s={search_term_string}\",\"query-input\":\"required name=search_term_string\"}],\"inLanguage\":\"sq-AL\"},{\"@type\":\"ImageObject\",\"@id\":\"https:\/\/omnikum.mk\/sq\/product\/omnikum-magnesium-400\/#primaryimage\",\"inLanguage\":\"sq-AL\",\"url\":\"https:\/\/omnikum.mk\/wp-content\/uploads\/2021\/01\/Omnikum-Magnesium-400.png\",\"width\":1000,\"height\":1000,\"caption\":\"Magnesium\"},{\"@type\":\"WebPage\",\"@id\":\"https:\/\/omnikum.mk\/sq\/product\/omnikum-magnesium-400\/#webpage\",\"url\":\"https:\/\/omnikum.mk\/sq\/product\/omnikum-magnesium-400\/\",\"name\":\"Omnikum Magnesium 400 - \\u041e\\u043c\\u043d\\u0438\\u043a\\u0443\\u043c\",\"isPartOf\":{\"@id\":\"https:\/\/omnikum.mk\/#website\"},\"primaryImageOfPage\":{\"@id\":\"https:\/\/omnikum.mk\/sq\/product\/omnikum-magnesium-400\/#primaryimage\"},\"datePublished\":\"2021-04-13T09:00:22+00:00\",\"dateModified\":\"2021-12-07T13:27:09+00:00\",\"inLanguage\":\"sq-AL\",\"potentialAction\":[{\"@type\":\"ReadAction\",\"target\":[\"https:\/\/omnikum.mk\/sq\/product\/omnikum-magnesium-400\/\"]}]}]}<\/script>\n<!-- \/ Yoast SEO plugin. -->","_links":{"self":[{"href":"https:\/\/omnikum.mk\/sq\/wp-json\/wp\/v2\/product\/4024"}],"collection":[{"href":"https:\/\/omnikum.mk\/sq\/wp-json\/wp\/v2\/product"}],"about":[{"href":"https:\/\/omnikum.mk\/sq\/wp-json\/wp\/v2\/types\/product"}],"replies":[{"embeddable":true,"href":"https:\/\/omnikum.mk\/sq\/wp-json\/wp\/v2\/comments?post=4024"}],"wp:featuredmedia":[{"embeddable":true,"href":"https:\/\/omnikum.mk\/sq\/wp-json\/wp\/v2\/media\/4924"}],"wp:attachment":[{"href":"https:\/\/omnikum.mk\/sq\/wp-json\/wp\/v2\/media?parent=4024"}],"curies":[{"name":"wp","href":"https:\/\/api.w.org\/{rel}","templated":true}]}}