{"id":4026,"date":"2021-04-13T09:59:03","date_gmt":"2021-04-13T08:59:03","guid":{"rendered":"https:\/\/omnikum.mk\/?post_type=product&#038;p=4026"},"modified":"2021-12-07T14:27:21","modified_gmt":"2021-12-07T13:27:21","slug":"omnikum-cbd","status":"publish","type":"product","link":"https:\/\/omnikum.mk\/sq\/product\/omnikum-cbd\/","title":{"rendered":"Omnikum CBD"},"content":{"rendered":"<p><strong>\u201c\u00c7ka \u00ebsht\u00eb Omnikum CBD 5mg dhe p\u00ebr \u00e7ka p\u00ebrdoret?<\/strong><\/p>\n<p>Vaji nga CBD ose kanabidoli \u00ebsht\u00eb kanabinoid jo psikoaktiv (nuk krijon ndjenj\u00eb qet\u00ebsimi ose disponimi) q\u00eb lajm\u00ebrohet te kanabis sativa. CBD \u00ebsht\u00eb kanabinoidi i vet\u00ebm me t\u00eb cilin jan\u00eb b\u00ebr\u00eb studime t\u00eb ndryshme t\u00eb kontrolluara, eksperimentale dhe klinike mbi njer\u00ebzit.<\/p>\n<p><strong>Vaji nga CBD mund t\u00eb p\u00ebrdoret gjat\u00eb:<\/strong><\/p>\n<p>\u2013 \u00c7rregullimeve t\u00eb muskujve dhe nyjave (p\u00ebr shembull, reumatiz\u00ebm, multipleks skleroza);<br \/>\n\u2013 Problemeve me gjumin;<br \/>\n\u2013 Epilepsis\u00eb;<br \/>\n\u2013 Astm\u00ebs;<br \/>\n\u2013 Migren\u00ebs, (tendosjes) kok\u00ebdhembjes, stresit dhe lodhjes psikike;<br \/>\n\u2013 Tendosjes s\u00eb muskujve, ng\u00ebr\u00e7eve dhe l\u00ebvizjes s\u00eb p\u00ebrhershme t\u00eb k\u00ebmb\u00ebve;<br \/>\n\u2013 Trajtimit t\u00eb dhembjes (p\u00ebr shembull, dhembjeve menstruale);<br \/>\n\u2013 T\u00eb p\u00ebrzierave;<br \/>\n\u2013 Nivelit shum\u00eb t\u00eb lart\u00eb t\u00eb sheqerit n\u00eb gjak;<br \/>\n\u2013 Gjendjeve t\u00eb l\u00ebkur\u00ebs si\u00e7 \u00ebsht\u00eb ekzema, psoriaza dhe aknet;<\/p>\n<p><strong>\u00c7ka duhet t\u00eb dini para se ta p\u00ebrdorni Omnikum CBD 5mg?<\/strong><\/p>\n<p><em>Endokanabinoidet<\/em><\/p>\n<p>Trupi i njeriut sikurse trupi i gjallesave tjera (gjitar\u00ebve) p\u00ebrmban sistem endokanabionid. Endokanabinoidet jan\u00eb kanabinoidet e vetme n\u00eb trup: trupi vet\u00eb i prodhon (nga k\u00ebtu rrjedh edhe fjala endo). Jan\u00eb me r\u00ebnd\u00ebsi t\u00eb madhe p\u00ebr funksionimin e sh\u00ebndetsh\u00ebm t\u00eb organizmit. Endokanabinoidet n\u00eb nj\u00eb mas\u00eb i kontrollojn\u00eb t\u00eb gjitha proceset e r\u00ebnd\u00ebsishme t\u00eb trupit. N\u00ebse ky sistem nuk \u00ebsht\u00eb i baraspeshuar mir\u00eb ose n\u00ebse ka munges\u00eb t\u00eb kanabinoideve n\u00eb organiz\u00ebm, mund t\u00eb vij\u00eb deri te paraqitja e problemeve t\u00eb ndryshme sh\u00ebndet\u00ebsore. P\u00ebr k\u00ebt\u00eb, futja e kanabinoideve n\u00eb organiz\u00ebm mund t\u00eb siguroj\u00eb p\u00ebrmir\u00ebsimin e sh\u00ebndetit n\u00eb fusha t\u00eb ndryshme\/ n\u00eb zvog\u00eblimin e v\u00ebshtir\u00ebsive t\u00eb ndryshme (kronike). Hulumtimet kan\u00eb treguar se n\u00ebse fusim vaj t\u00eb CBD n\u00eb sistemin ton\u00eb endokanabinoid, nuk vjen deri te vart\u00ebsia, por deri te sistemi m\u00eb i sh\u00ebndetsh\u00ebm endokanabinoid dhe i trupit.<\/p>\n<p><em>Fitokanabinoidet<\/em><\/p>\n<p>Konopi \u00ebsht\u00eb bima e vetme me m\u00eb shum\u00eb se 80 fitokanabinoide t\u00eb ndryshme. Kanabinoidet bimore t\u00eb cilat ngjajn\u00eb sakt\u00eb sikurse endokanabinoidet tona THC (tetrahidrokanabinol) dhe CBD (kanabidiol) jan\u00eb dy kanabinoidet m\u00eb t\u00eb njohura t\u00eb cil\u00ebt q\u00ebmoti kan\u00eb marr\u00eb v\u00ebmendjen e madhe n\u00eb p\u00ebrdorimin mjek\u00ebsor.<\/p>\n<p><em>Dallimi n\u00eb mes THC dhe CBD<\/em><\/p>\n<p>THC \u00ebsht\u00eb kanabinoidi m\u00eb i njohur dhe m\u00eb prezent n\u00eb kanabis; emri i tij do t\u00eb thot\u00eb delta-9- tetrahidrokanabinol. Ky kanabinoid \u00ebsht\u00eb p\u00ebrgjegj\u00ebs p\u00ebr ndikimin m\u00eb t\u00eb r\u00ebnd\u00ebsish\u00ebm psikoaktiv q\u00eb p\u00ebrjetohet pas konsumimit t\u00eb kanabisit. CBD \u00ebsht\u00eb kanabinoidi i dyt\u00eb n\u00eb kanabis. Ai fitohet nga lulet dhe gjethet e bim\u00ebs konop. Kjo substanc\u00eb ka mund\u00ebsi t\u00eb mira p\u00ebr p\u00ebrdorim n\u00eb fush\u00ebn e mjek\u00ebsis\u00eb dhe \u00ebsht\u00eb komponenta t\u00eb cil\u00ebn e k\u00ebrkojn\u00eb p\u00ebrdoruesit mjek\u00ebsor\u00eb. CBD p\u00ebr dallim nga THC nuk \u00ebsht\u00eb substanc\u00eb psikoaktive, p\u00ebr k\u00ebt\u00eb nuk prodhon ndjenj\u00ebn e qet\u00ebsis\u00eb ose disponimit dhe p\u00ebr k\u00ebt\u00eb \u00ebsht\u00eb i sigurt p\u00ebr p\u00ebrdorim.<\/p>\n<p><strong>Shtatz\u00ebnia dhe gjidh\u00ebnia:<\/strong><\/p>\n<p>K\u00ebshillohuni me mjekun ose farmacistin tuaj para se t\u00eb merrni ndonj\u00eb ila\u00e7.<\/p>\n<p><strong>Si ta p\u00ebrdorni Omnikum CBD 5mg?<\/strong><\/p>\n<p>Rekomandohet p\u00ebrdorimi i 1 kapsule n\u00eb dit\u00eb. Kapsula g\u00eblltitet leht\u00eb. Kapsulat kan\u00eb p\u00ebrpar\u00ebsi p\u00ebr shkak se doza \u00ebsht\u00eb sakt\u00eb e p\u00ebrcaktuar n\u00eb 5 mg vaj i past\u00ebr i CBD, ashtu q\u00eb njer\u00ebzit munden sakt\u00eb ta din\u00eb se sa jan\u00eb duke marr\u00eb. Kapsulat nuk kan\u00eb veprim psikoaktiv dhe ndikime tjera t\u00eb pad\u00ebshiruara.<\/p>\n<p>Nuk duhet t\u00eb tejkalohet doza e rekomanduar ditore.<\/p>\n<p>N\u00ebse keni p\u00ebrdorur doz\u00eb m\u00eb t\u00eb madhe t\u00eb <strong>Omnikum CBD 5mg<\/strong> sesa q\u00eb duhet: menj\u00ebher\u00eb duhet t\u00eb k\u00ebshilloheni me mjekun ose farmacistin tuaj.<\/p>\n<p>N\u00ebse keni harruar q\u00eb t\u00eb p\u00ebrdorni <strong>Omnikum CBD 5mg<\/strong>: mos merrni doz\u00eb t\u00eb dyfisht\u00eb p\u00ebr ta kompensuar doz\u00ebn e l\u00ebshuar.<\/p>\n<p><strong>Efektet e mundshme an\u00ebsore (reaksione) nga Omnikum CBD 5mg<\/strong><\/p>\n<p>Produkti nuk ka efekte t\u00eb mundshme an\u00ebsore. N\u00ebse v\u00ebreni ndonj\u00eb efekt t\u00eb pad\u00ebshiruar, ju lutemi q\u00eb ta informoni mjekun ose farmacistin tuaj.<\/p>\n<p><strong>Ruajtja dhe afati i p\u00ebrdorimit t\u00eb Omnikum CBD 5mg<\/strong><\/p>\n<p>Produkti duhet t\u00eb ruhet jo i hapur n\u00eb paketim n\u00eb temperatur\u00eb deri n\u00eb 25\u00ba C.<br \/>\nDuhet t\u00eb ruhet n\u00ebp\u00ebr vende larg f\u00ebmij\u00ebve.<\/p>\n<p>Numri dhe data e vendimit p\u00ebr qarkullim:12-2983\/4 i dat\u00ebs 21.12.2020.<\/p>\n<p>Ila\u00e7i nuk duhet t\u00eb p\u00ebrdoret pas dat\u00ebs s\u00eb p\u00ebrfundimit t\u00eb afatit t\u00eb p\u00ebrdorimit q\u00eb \u00ebsht\u00eb i regjistruar n\u00eb paketim.<\/p>\n<p><strong>Para p\u00ebrdorimit, lexojeni udh\u00ebzimin me kujdes! P\u00ebr indikacionet, rrezikun nga p\u00ebrdorimi dhe efektet e pad\u00ebshiruara t\u00eb produktit t\u00eb kufizuar, konsultohuni me mjekun ose farmacistin tuaj.<\/strong><\/p>\n<p><strong>\u201cSh\u00ebndeti meriton m\u00eb shum\u00eb v\u00ebmendje!\u201d<\/strong><\/p>\n","protected":false},"excerpt":{"rendered":"<p>\u201c\u00cbsht\u00eb zbuluar se CBD mundet duksh\u00ebm t\u00eb kontribuoj\u00eb n\u00eb funksionimin e drejt\u00eb t\u00eb trupit dhe se mund t\u00eb ket\u00eb efekt t\u00eb drejtp\u00ebrdrejt\u00eb pozitiv n\u00eb sh\u00ebndetin ton\u00eb. Ka veprim t\u00eb fuqish\u00ebm anti inflamator dhe mund t\u00eb ndihmoj\u00eb n\u00eb pengimin e ndezjeve n\u00eb trup (n\u00eb m\u00ebnyr\u00eb preventive).<\/p>\n[spacer height=\"20px\"]\n<p><strong>Forma farmaceutike<\/strong>: kapsula<\/p>\n[spacer height=\"10px\"]\n<p><strong>P\u00ebrmbajtja:<\/strong> Omnikum CBD 5mg p\u00ebrmban:<\/p>\n[spacer height=\"10px\"]\n<p>CBD (Cannabidiol) \u2026\u2026\u2026\u2026\u2026\u2026\u2026\u2026\u2026\u2026\u2026\u2026\u2026\u2026\u2026\u2026. 5 mg\u201d<\/p>\n","protected":false},"featured_media":4927,"comment_status":"closed","ping_status":"closed","template":"","meta":[],"yoast_head":"<!-- This site is optimized with the Yoast SEO plugin v15.6.2 - https:\/\/yoast.com\/wordpress\/plugins\/seo\/ -->\n<title>Omnikum CBD - \u041e\u043c\u043d\u0438\u043a\u0443\u043c<\/title>\n<meta name=\"robots\" content=\"index, follow, max-snippet:-1, max-image-preview:large, max-video-preview:-1\" \/>\n<link rel=\"canonical\" href=\"https:\/\/omnikum.mk\/sq\/product\/omnikum-cbd\/\" \/>\n<meta property=\"og:locale\" content=\"sq_AL\" \/>\n<meta property=\"og:type\" content=\"article\" \/>\n<meta property=\"og:title\" content=\"Omnikum CBD - \u041e\u043c\u043d\u0438\u043a\u0443\u043c\" \/>\n<meta property=\"og:description\" content=\"\u201c\u00cbsht\u00eb zbuluar se CBD mundet duksh\u00ebm t\u00eb kontribuoj\u00eb n\u00eb funksionimin e drejt\u00eb t\u00eb trupit dhe se mund t\u00eb ket\u00eb efekt t\u00eb drejtp\u00ebrdrejt\u00eb pozitiv n\u00eb sh\u00ebndetin ton\u00eb. Ka veprim t\u00eb fuqish\u00ebm anti inflamator dhe mund t\u00eb ndihmoj\u00eb n\u00eb pengimin e ndezjeve n\u00eb trup (n\u00eb m\u00ebnyr\u00eb preventive).    Forma farmaceutike: kapsula    P\u00ebrmbajtja: Omnikum CBD 5mg p\u00ebrmban:    CBD (Cannabidiol) \u2026\u2026\u2026\u2026\u2026\u2026\u2026\u2026\u2026\u2026\u2026\u2026\u2026\u2026\u2026\u2026. 5 mg\u201d\" \/>\n<meta property=\"og:url\" content=\"https:\/\/omnikum.mk\/sq\/product\/omnikum-cbd\/\" \/>\n<meta property=\"og:site_name\" content=\"\u041e\u043c\u043d\u0438\u043a\u0443\u043c\" \/>\n<meta property=\"article:modified_time\" content=\"2021-12-07T13:27:21+00:00\" \/>\n<meta property=\"og:image\" content=\"https:\/\/omnikum.mk\/wp-content\/uploads\/2021\/01\/Omnikum-CBD.png\" \/>\n\t<meta property=\"og:image:width\" content=\"1000\" \/>\n\t<meta property=\"og:image:height\" content=\"1000\" \/>\n<meta name=\"twitter:card\" content=\"summary_large_image\" \/>\n<meta name=\"twitter:label1\" content=\"Est. reading time\">\n\t<meta name=\"twitter:data1\" content=\"3 minutes\">\n<script type=\"application\/ld+json\" class=\"yoast-schema-graph\">{\"@context\":\"https:\/\/schema.org\",\"@graph\":[{\"@type\":\"Organization\",\"@id\":\"https:\/\/omnikum.mk\/#organization\",\"name\":\"\\u041e\\u043c\\u043d\\u0438\\u043a\\u0443\\u043c\",\"url\":\"https:\/\/omnikum.mk\/\",\"sameAs\":[],\"logo\":{\"@type\":\"ImageObject\",\"@id\":\"https:\/\/omnikum.mk\/#logo\",\"inLanguage\":\"sq-AL\",\"url\":\"https:\/\/omnikum.mk\/wp-content\/uploads\/2021\/01\/Logo-Omnikum-1.png\",\"width\":1000,\"height\":1000,\"caption\":\"\\u041e\\u043c\\u043d\\u0438\\u043a\\u0443\\u043c\"},\"image\":{\"@id\":\"https:\/\/omnikum.mk\/#logo\"}},{\"@type\":\"WebSite\",\"@id\":\"https:\/\/omnikum.mk\/#website\",\"url\":\"https:\/\/omnikum.mk\/\",\"name\":\"\\u041e\\u043c\\u043d\\u0438\\u043a\\u0443\\u043c\",\"description\":\"\\u041e\\u0444\\u0438\\u0446\\u0438\\u0458\\u0430\\u043b\\u043d\\u0430 \\u0432\\u0435\\u0431 \\u0441\\u0442\\u0440\\u0430\\u043d\\u0430\",\"publisher\":{\"@id\":\"https:\/\/omnikum.mk\/#organization\"},\"potentialAction\":[{\"@type\":\"SearchAction\",\"target\":\"https:\/\/omnikum.mk\/?s={search_term_string}\",\"query-input\":\"required name=search_term_string\"}],\"inLanguage\":\"sq-AL\"},{\"@type\":\"ImageObject\",\"@id\":\"https:\/\/omnikum.mk\/sq\/product\/omnikum-cbd\/#primaryimage\",\"inLanguage\":\"sq-AL\",\"url\":\"https:\/\/omnikum.mk\/wp-content\/uploads\/2021\/01\/Omnikum-CBD.png\",\"width\":1000,\"height\":1000,\"caption\":\"CBD\"},{\"@type\":\"WebPage\",\"@id\":\"https:\/\/omnikum.mk\/sq\/product\/omnikum-cbd\/#webpage\",\"url\":\"https:\/\/omnikum.mk\/sq\/product\/omnikum-cbd\/\",\"name\":\"Omnikum CBD - \\u041e\\u043c\\u043d\\u0438\\u043a\\u0443\\u043c\",\"isPartOf\":{\"@id\":\"https:\/\/omnikum.mk\/#website\"},\"primaryImageOfPage\":{\"@id\":\"https:\/\/omnikum.mk\/sq\/product\/omnikum-cbd\/#primaryimage\"},\"datePublished\":\"2021-04-13T08:59:03+00:00\",\"dateModified\":\"2021-12-07T13:27:21+00:00\",\"inLanguage\":\"sq-AL\",\"potentialAction\":[{\"@type\":\"ReadAction\",\"target\":[\"https:\/\/omnikum.mk\/sq\/product\/omnikum-cbd\/\"]}]}]}<\/script>\n<!-- \/ Yoast SEO plugin. -->","_links":{"self":[{"href":"https:\/\/omnikum.mk\/sq\/wp-json\/wp\/v2\/product\/4026"}],"collection":[{"href":"https:\/\/omnikum.mk\/sq\/wp-json\/wp\/v2\/product"}],"about":[{"href":"https:\/\/omnikum.mk\/sq\/wp-json\/wp\/v2\/types\/product"}],"replies":[{"embeddable":true,"href":"https:\/\/omnikum.mk\/sq\/wp-json\/wp\/v2\/comments?post=4026"}],"wp:featuredmedia":[{"embeddable":true,"href":"https:\/\/omnikum.mk\/sq\/wp-json\/wp\/v2\/media\/4927"}],"wp:attachment":[{"href":"https:\/\/omnikum.mk\/sq\/wp-json\/wp\/v2\/media?parent=4026"}],"curies":[{"name":"wp","href":"https:\/\/api.w.org\/{rel}","templated":true}]}}