{"id":4053,"date":"2021-04-13T09:58:06","date_gmt":"2021-04-13T08:58:06","guid":{"rendered":"https:\/\/omnikum.mk\/?post_type=product&#038;p=4053"},"modified":"2021-12-07T14:27:29","modified_gmt":"2021-12-07T13:27:29","slug":"omnikum-zinc-selenium","status":"publish","type":"product","link":"https:\/\/omnikum.mk\/sq\/product\/omnikum-zinc-selenium\/","title":{"rendered":"Omnikum Zinc &#038; Selenium"},"content":{"rendered":"<p><strong>\u201c\u00c7ka \u00ebsht\u00eb Omnikum Zinc &amp; Selenium dhe p\u00ebr \u00e7ka p\u00ebrdoret?<\/strong><\/p>\n<p><strong>Seleni \u00ebsht\u00eb antioksidant i fuqish\u00ebm i cili:<\/strong><\/p>\n<p>\u2013 I mbron qelizat dhe indet nga efektet e d\u00ebmshme t\u00eb radikaleve t\u00eb lira t\u00eb cil\u00ebt e p\u00ebrshpejtojn\u00eb plakjen, ndikon n\u00eb pjellorin\u00eb mashkullore duke e stimuluar spermatogjenez\u00ebn dhe \u00ebsht\u00eb me r\u00ebnd\u00ebsi kryesore p\u00ebr sh\u00ebndetin e prostat\u00ebs;<\/p>\n<p>\u2013 Ka ndikim imunostimulues q\u00eb \u00ebsht\u00eb jasht\u00ebzakonisht e r\u00ebnd\u00ebsishme p\u00ebr forcimin e sistemit imunitar;<br \/>\n\u2013 Merr pjes\u00eb n\u00eb prodhimin e hormoneve aktive t\u00eb tiroideve, q\u00eb nevojitet p\u00ebr funksionimin e drejt\u00eb t\u00eb saj;<\/p>\n<p>\u2013 \u00cbsht\u00eb i domosdosh\u00ebm p\u00ebr rritjen e drejt\u00eb t\u00eb flok\u00ebve dhe thonjve;<br \/>\n\u2013 E stimulon detoksifikimin e organizmit me p\u00ebrshpejtimin e largimit t\u00eb metaleve t\u00eb r\u00ebnda.<\/p>\n<p><strong>N\u00eb t\u00eb nj\u00ebjt\u00ebn koh\u00eb, zinku kontribuon n\u00eb:<\/strong><\/p>\n<p>\u2013 Mbrojtjen e qelizave nga efektet e radikaleve t\u00eb lira (ndikim antioksidues);<br \/>\n\u2013 Funksionimin normal t\u00eb sistemit imunitar (ndikim imunostimulues);<br \/>\n\u2013 Metabolizmin e vitamin\u00ebs A dhe n\u00eb mir\u00ebmbajtjen e shikimit normal;<br \/>\n\u2013 Mir\u00ebmbajtjen e nivelit normal t\u00eb testosteronit n\u00eb gjak dhe n\u00eb pjellshm\u00ebri dhe reprodukim normal;<br \/>\n\u2013 Procesin e sh\u00ebrimit t\u00eb plag\u00ebve, n\u00eb rritjen normale, n\u00eb ndarjen e qelizave dhe n\u00eb ruajtjen e baraspesh\u00ebs normale t\u00eb acideve-bazave;<br \/>\n\u2013 Sintez\u00ebn normale t\u00eb proteinave dhe t\u00eb acideve nukleinike dhe luan rol t\u00eb r\u00ebnd\u00ebsish\u00ebm n\u00eb metabolizmin e karbohidrateve dhe acideve yndyrore;<\/p>\n<p>\u2013 Mir\u00ebmbajtjen e flok\u00ebve, l\u00ebkur\u00ebs dhe thonjve normal\u00eb;<\/p>\n<p>\u2013 Merr pjes\u00eb n\u00eb sintez\u00ebn e ARN;<\/p>\n<p>\u2013 Kontribuon p\u00ebr funksionin normal kognitiv.<\/p>\n<p>Seleni dhe zinku jan\u00eb nj\u00eb nd\u00ebr antioksidant\u00ebt m\u00eb t\u00eb fuqish\u00ebm t\u00eb cil\u00ebt kontribuojn\u00eb n\u00eb mir\u00ebmbajtjen e organizmit t\u00eb sh\u00ebndetsh\u00ebm.<\/p>\n<p><strong>Si ta p\u00ebrdorni Omnikum Zinc + Selenium?<\/strong><\/p>\n<p>Rekomandohet p\u00ebrdorimi i 1 tablete n\u00eb dit\u00eb gjat\u00eb ushqimit. Nuk duhet t\u00eb tejkalohet doza e rekomanduar ditore.<\/p>\n<p>N\u00ebse keni p\u00ebrdorur doz\u00eb m\u00eb t\u00eb madhe t\u00eb <strong>Omnikum Zinc + Selenium<\/strong> sesa q\u00eb duhet, duhet: menj\u00ebher\u00eb t\u00eb k\u00ebshilloheni me mjekun ose farmacistin tuaj.<\/p>\n<p>N\u00ebse keni harruar q\u00eb ta p\u00ebrdorni <strong>Omnikum Zinc + Selenium: <\/strong>mos merrni doz\u00eb dyfishe p\u00ebr ta kompensuar doz\u00ebn e l\u00ebshuar.<\/p>\n<p><strong>\u00c7ka duhet t\u00eb dini para se ta p\u00ebrdorni Omnikum Zinc + Selenium?<\/strong><\/p>\n<p><strong>Omnikum Zinc + Selenium <\/strong>nuk p\u00ebrdoret p\u00ebr preventiv\u00eb ose trajtim t\u00eb s\u00ebmundjes.<\/p>\n<p><strong>Shtatz\u00ebnia dhe gjidh\u00ebnia:<\/strong><\/p>\n<p>K\u00ebshillohuni me mjekun ose farmacistin tuaj para se t\u00eb mirrni ndonj\u00eb ila\u00e7.<\/p>\n<p><strong>Efektet e mundshme an\u00ebsore (reaksione) nga Omnikum Zinc + Selenium<\/strong><\/p>\n<p>Ky produkt nuk ka efekte t\u00eb pad\u00ebshiruara t\u00eb njohura. N\u00ebse v\u00ebreni ndonj\u00eb efekt t\u00eb pad\u00ebshiruar, ju lutemi q\u00eb ta informoni mjekun ose farmacistin tuaj.<\/p>\n<p>Numri dhe data e vendimit p\u00ebr qarkullim: 12-9748\/2 i dat\u00ebs 10.11.2020<\/p>\n<p>Nj\u00eb pako Omnikum <strong>Zinc + Selenium <\/strong>p\u00ebrmban 45 tableta<\/p>\n<p><strong>Para p\u00ebrdorimit, lexojeni udh\u00ebzimin me kujdes! P\u00ebr indikacionet, rrezikun nga p\u00ebrdorimi dhe efektet e pad\u00ebshiruara t\u00eb produktit t\u00eb kufizuar, konsultohuni me mjekun ose farmacistin tuaj.<\/strong><\/p>\n<p><strong>\u201cSh\u00ebndeti meriton m\u00eb shum\u00eb v\u00ebmendje!\u201d<\/strong><\/p>\n","protected":false},"excerpt":{"rendered":"<p>P\u00ebrve\u00e7 zinkut dhe selenit, kjo Omnikum formul\u00eb \u00ebsht\u00eb e plot\u00ebsuar me vitamin\u00eb A, B6, C, \u0415. N\u00eb nj\u00eb pako jan\u00eb 45 tableta, mjaft p\u00ebr 1 muaj e 15 dit\u00eb. Duhet t\u00eb ruhen n\u00eb temperatur\u00eb prej 25\u00b0\u0421, larg drit\u00ebs dhe larg f\u00ebmij\u00ebve.<\/p>\n[spacer height=\"10px\"]\n<p>Seleni dhe zinku jan\u00eb nd\u00ebr antioksidant\u00ebt m\u00eb t\u00eb fuqish\u00ebm t\u00eb cil\u00ebt kontribuojn\u00eb n\u00eb mir\u00ebmbajtjen e organizmit t\u00eb sh\u00ebndetsh\u00ebm. Seleni dhe zinku jan\u00eb minerale t\u00eb r\u00ebnd\u00ebsishme t\u00eb cil\u00ebt e forcojn\u00eb t\u00ebr\u00eb organizmin.<\/p>\n[spacer height=\"10px\"]\n<p><strong>Forma farmaceutike: tableta<\/strong><\/p>\n[spacer height=\"10px\"]\n<p><strong>P\u00ebrb\u00ebrja:<\/strong> Selen 195mcg, Vitamin\u00eb \u0410 (retinilpalmitat) 801mcg, Vitamin\u00eb B6 (piridoksin hidroklorid) 2,09 mg, Vitamin\u00eb C (acid askorbik) 91,08 mg, Vitamin\u00eb \u0415 (D-alfa tokoferolacetat) 10,07 mg, zink (prej 123mg glukonat zinku) 15,13 mg.<\/p>\n","protected":false},"featured_media":4906,"comment_status":"closed","ping_status":"closed","template":"","meta":[],"yoast_head":"<!-- This site is optimized with the Yoast SEO plugin v15.6.2 - https:\/\/yoast.com\/wordpress\/plugins\/seo\/ -->\n<title>Omnikum Zinc &amp; Selenium - \u041e\u043c\u043d\u0438\u043a\u0443\u043c<\/title>\n<meta name=\"robots\" content=\"index, follow, max-snippet:-1, max-image-preview:large, max-video-preview:-1\" \/>\n<link rel=\"canonical\" href=\"https:\/\/omnikum.mk\/sq\/product\/omnikum-zinc-selenium\/\" \/>\n<meta property=\"og:locale\" content=\"sq_AL\" \/>\n<meta property=\"og:type\" content=\"article\" \/>\n<meta property=\"og:title\" content=\"Omnikum Zinc &amp; Selenium - \u041e\u043c\u043d\u0438\u043a\u0443\u043c\" \/>\n<meta property=\"og:description\" content=\"P\u00ebrve\u00e7 zinkut dhe selenit, kjo Omnikum formul\u00eb \u00ebsht\u00eb e plot\u00ebsuar me vitamin\u00eb A, B6, C, \u0415. N\u00eb nj\u00eb pako jan\u00eb 45 tableta, mjaft p\u00ebr 1 muaj e 15 dit\u00eb. Duhet t\u00eb ruhen n\u00eb temperatur\u00eb prej 25\u00b0\u0421, larg drit\u00ebs dhe larg f\u00ebmij\u00ebve.    Seleni dhe zinku jan\u00eb nd\u00ebr antioksidant\u00ebt m\u00eb t\u00eb fuqish\u00ebm t\u00eb cil\u00ebt kontribuojn\u00eb n\u00eb mir\u00ebmbajtjen e organizmit t\u00eb sh\u00ebndetsh\u00ebm. Seleni dhe zinku jan\u00eb minerale t\u00eb r\u00ebnd\u00ebsishme t\u00eb cil\u00ebt e forcojn\u00eb t\u00ebr\u00eb organizmin.    Forma farmaceutike: tableta    P\u00ebrb\u00ebrja: Selen 195mcg, Vitamin\u00eb \u0410 (retinilpalmitat) 801mcg, Vitamin\u00eb B6 (piridoksin hidroklorid) 2,09 mg, Vitamin\u00eb C (acid askorbik) 91,08 mg, Vitamin\u00eb \u0415 (D-alfa tokoferolacetat) 10,07 mg, zink (prej 123mg glukonat zinku) 15,13 mg.\" \/>\n<meta property=\"og:url\" content=\"https:\/\/omnikum.mk\/sq\/product\/omnikum-zinc-selenium\/\" \/>\n<meta property=\"og:site_name\" content=\"\u041e\u043c\u043d\u0438\u043a\u0443\u043c\" \/>\n<meta property=\"article:modified_time\" content=\"2021-12-07T13:27:29+00:00\" \/>\n<meta property=\"og:image\" content=\"https:\/\/omnikum.mk\/wp-content\/uploads\/2021\/01\/Omnikum-Zinc-Selenium.png\" \/>\n\t<meta property=\"og:image:width\" content=\"1000\" \/>\n\t<meta property=\"og:image:height\" content=\"1000\" \/>\n<meta name=\"twitter:card\" content=\"summary_large_image\" \/>\n<meta name=\"twitter:label1\" content=\"Est. reading time\">\n\t<meta name=\"twitter:data1\" content=\"2 minutes\">\n<script type=\"application\/ld+json\" class=\"yoast-schema-graph\">{\"@context\":\"https:\/\/schema.org\",\"@graph\":[{\"@type\":\"Organization\",\"@id\":\"https:\/\/omnikum.mk\/#organization\",\"name\":\"\\u041e\\u043c\\u043d\\u0438\\u043a\\u0443\\u043c\",\"url\":\"https:\/\/omnikum.mk\/\",\"sameAs\":[],\"logo\":{\"@type\":\"ImageObject\",\"@id\":\"https:\/\/omnikum.mk\/#logo\",\"inLanguage\":\"sq-AL\",\"url\":\"https:\/\/omnikum.mk\/wp-content\/uploads\/2021\/01\/Logo-Omnikum-1.png\",\"width\":1000,\"height\":1000,\"caption\":\"\\u041e\\u043c\\u043d\\u0438\\u043a\\u0443\\u043c\"},\"image\":{\"@id\":\"https:\/\/omnikum.mk\/#logo\"}},{\"@type\":\"WebSite\",\"@id\":\"https:\/\/omnikum.mk\/#website\",\"url\":\"https:\/\/omnikum.mk\/\",\"name\":\"\\u041e\\u043c\\u043d\\u0438\\u043a\\u0443\\u043c\",\"description\":\"\\u041e\\u0444\\u0438\\u0446\\u0438\\u0458\\u0430\\u043b\\u043d\\u0430 \\u0432\\u0435\\u0431 \\u0441\\u0442\\u0440\\u0430\\u043d\\u0430\",\"publisher\":{\"@id\":\"https:\/\/omnikum.mk\/#organization\"},\"potentialAction\":[{\"@type\":\"SearchAction\",\"target\":\"https:\/\/omnikum.mk\/?s={search_term_string}\",\"query-input\":\"required name=search_term_string\"}],\"inLanguage\":\"sq-AL\"},{\"@type\":\"ImageObject\",\"@id\":\"https:\/\/omnikum.mk\/sq\/product\/omnikum-zinc-selenium\/#primaryimage\",\"inLanguage\":\"sq-AL\",\"url\":\"https:\/\/omnikum.mk\/wp-content\/uploads\/2021\/01\/Omnikum-Zinc-Selenium.png\",\"width\":1000,\"height\":1000,\"caption\":\"Zinc & Selenium\"},{\"@type\":\"WebPage\",\"@id\":\"https:\/\/omnikum.mk\/sq\/product\/omnikum-zinc-selenium\/#webpage\",\"url\":\"https:\/\/omnikum.mk\/sq\/product\/omnikum-zinc-selenium\/\",\"name\":\"Omnikum Zinc & Selenium - \\u041e\\u043c\\u043d\\u0438\\u043a\\u0443\\u043c\",\"isPartOf\":{\"@id\":\"https:\/\/omnikum.mk\/#website\"},\"primaryImageOfPage\":{\"@id\":\"https:\/\/omnikum.mk\/sq\/product\/omnikum-zinc-selenium\/#primaryimage\"},\"datePublished\":\"2021-04-13T08:58:06+00:00\",\"dateModified\":\"2021-12-07T13:27:29+00:00\",\"inLanguage\":\"sq-AL\",\"potentialAction\":[{\"@type\":\"ReadAction\",\"target\":[\"https:\/\/omnikum.mk\/sq\/product\/omnikum-zinc-selenium\/\"]}]}]}<\/script>\n<!-- \/ Yoast SEO plugin. -->","_links":{"self":[{"href":"https:\/\/omnikum.mk\/sq\/wp-json\/wp\/v2\/product\/4053"}],"collection":[{"href":"https:\/\/omnikum.mk\/sq\/wp-json\/wp\/v2\/product"}],"about":[{"href":"https:\/\/omnikum.mk\/sq\/wp-json\/wp\/v2\/types\/product"}],"replies":[{"embeddable":true,"href":"https:\/\/omnikum.mk\/sq\/wp-json\/wp\/v2\/comments?post=4053"}],"wp:featuredmedia":[{"embeddable":true,"href":"https:\/\/omnikum.mk\/sq\/wp-json\/wp\/v2\/media\/4906"}],"wp:attachment":[{"href":"https:\/\/omnikum.mk\/sq\/wp-json\/wp\/v2\/media?parent=4053"}],"curies":[{"name":"wp","href":"https:\/\/api.w.org\/{rel}","templated":true}]}}