{"id":4055,"date":"2021-04-13T09:57:33","date_gmt":"2021-04-13T08:57:33","guid":{"rendered":"https:\/\/omnikum.mk\/?post_type=product&#038;p=4055"},"modified":"2021-12-07T14:27:37","modified_gmt":"2021-12-07T13:27:37","slug":"omnikum-vitamin-c-1000mg","status":"publish","type":"product","link":"https:\/\/omnikum.mk\/sq\/product\/omnikum-vitamin-c-1000mg\/","title":{"rendered":"Omnikum Vitamin C 1000mg"},"content":{"rendered":"<p><strong>\u00c7ka \u00ebsht\u00eb Omnikum Vitamin C 1000 mg dhe p\u00ebr \u00e7ka p\u00ebrdoret?<\/strong><\/p>\n<p><strong>Omnikum Vitamin C 1000 mg<\/strong> jan\u00eb tableta q\u00eb p\u00ebrmbajn\u00eb vitamin\u00eb C.<\/p>\n<p>Vitamina C kontribuon n\u00eb mir\u00ebmbajtjen e eshtrave t\u00eb forta dhe dh\u00ebmb\u00ebve t\u00eb fuqish\u00ebm. \u00cbsht\u00eb i dobish\u00ebm p\u00ebr funksionimin normal t\u00eb sistemit imunitar. Vitamina C \u00ebsht\u00eb antioksidant dhe i ndihmon qelizat n\u00eb mbrojtje nga ndikimet e jashtme dhe nga stresi. Vitamina C e zmadhon absorbimin e hekurit dhe kontribuon n\u00eb zvog\u00eblimin e lodhjes dhe raskapitjes. Nj\u00ebher\u00ebsh kontribuon n\u00eb mir\u00ebmbajtjen e metabolizmit normal energjetik, kontribuon p\u00ebr funksionimin normal t\u00eb sistemit nervor dhe t\u00eb funksioneve fiziologjike,<\/p>\n<p><strong>Si ta p\u00ebrdorni Omnikum Vitamin C 1000 mg?<\/strong><\/p>\n<p>Rekomandohet p\u00ebrdorimi i 1 tablete n\u00eb dit\u00eb gjat\u00eb ushqimit.<\/p>\n<p>Nuk duhet t\u00eb tejkalohet doza ditore e rekomanduar.<\/p>\n<p>N\u00ebse keni p\u00ebrdorur doz\u00eb m\u00eb t\u00eb madhe t\u00eb <strong>Omnikum Vitamin C 1000 mg<\/strong> sesa q\u00eb \u00ebsht\u00eb p\u00ebrcaktuar: menj\u00ebher\u00eb duhet t\u00eb k\u00ebshilloheni me mjekun ose farmacistin tuaj<\/p>\n<p>N\u00ebse keni harruar q\u00eb ta merrni <strong>Omnikum Vitamin C 1000 mg: <\/strong>mos merrni doz\u00eb dyfishe p\u00ebr ta kompensuar doz\u00ebn e l\u00ebshuar.<\/p>\n<p><strong>\u00c7ka duhet t\u00eb dini para se ta p\u00ebrdorni Omnikum Vitamin C 1000 mg?<\/strong><\/p>\n<p><strong>Omnikum Vitamin C 1000 mg<\/strong> nuk p\u00ebrdoret p\u00ebr preventiv\u00eb ose p\u00ebr trajtimin e s\u00ebmundjes.<\/p>\n<p><strong>Shtatz\u00ebnia dhe gjidh\u00ebnia:<\/strong><\/p>\n<p>K\u00ebshillohuni me mjekun ose farmacistin tuaj para se t\u00eb merrni \u00e7far\u00ebdo ila\u00e7i.<\/p>\n<p><strong>Efektet e mundshme an\u00ebsore (reaksione) nga Omnikum Vitamin C 1000 mg?<\/strong><\/p>\n<p>Produkti nuk ka efekte an\u00ebsore.<\/p>\n<p>N\u00ebse v\u00ebreni ndonj\u00eb efekt an\u00ebsor, ju lutemi informojeni mjekun ose farmacistin tuaj.<\/p>\n<p>Numri dhe data e vendimit p\u00ebr qarkullim: 12-9747\/2 t\u00eb dat\u00ebs 10.11.2020<\/p>\n<p><strong>Para p\u00ebrdorimit, lexojeni udh\u00ebzimin me kujdes! P\u00ebr indikacionet, rrezikun nga p\u00ebrdorimi dhe efektet e pad\u00ebshiruara t\u00eb produktit t\u00eb kufizuar, konsultohuni me mjekun ose farmacistin tuaj.<\/strong><\/p>\n<p><strong>\u201cSh\u00ebndeti meriton m\u00eb shum\u00eb v\u00ebmendje!\u201d<\/strong><\/p>\n","protected":false},"excerpt":{"rendered":"<p>Omnikum Vitamin C 1000mg jan\u00eb tableta me Vitamin\u00eb C dhe me ekstrakt t\u00eb ka\u00e7\u00ebs. N\u00eb nj\u00eb pako jan\u00eb 75 tableta, mjaft p\u00ebr 2 muaj e 15 dit\u00eb. Tabletat ruani n\u00eb vend t\u00eb that\u00eb n\u00eb temperatur\u00eb prej 25\u00b0\u0421, larg drit\u00ebs si dhe larg f\u00ebmij\u00ebve. Tabletat jan\u00eb t\u00eb dedikuara p\u00ebr personat e rritur. Forma farmaceutike: tableta.<\/p>\n[spacer height=\"20px\"]\n<p><strong>P\u00ebrb\u00ebrja:<\/strong><\/p>\n[spacer height=\"10px\"]\n<p>Vitamin\u00eb C\u2026\u2026\u2026\u2026\u2026\u2026..1000 mg<br \/>\nEkstrakt i ka\u00e7\u00ebs \u2026\u2026\u2026\u202640 mg<\/p>\n","protected":false},"featured_media":4915,"comment_status":"closed","ping_status":"closed","template":"","meta":[],"yoast_head":"<!-- This site is optimized with the Yoast SEO plugin v15.6.2 - https:\/\/yoast.com\/wordpress\/plugins\/seo\/ -->\n<title>Omnikum Vitamin C 1000mg - \u041e\u043c\u043d\u0438\u043a\u0443\u043c<\/title>\n<meta name=\"robots\" content=\"index, follow, max-snippet:-1, max-image-preview:large, max-video-preview:-1\" \/>\n<link rel=\"canonical\" href=\"https:\/\/omnikum.mk\/sq\/product\/omnikum-vitamin-c-1000mg\/\" \/>\n<meta property=\"og:locale\" content=\"sq_AL\" \/>\n<meta property=\"og:type\" content=\"article\" \/>\n<meta property=\"og:title\" content=\"Omnikum Vitamin C 1000mg - \u041e\u043c\u043d\u0438\u043a\u0443\u043c\" \/>\n<meta property=\"og:description\" content=\"Omnikum Vitamin C 1000mg jan\u00eb tableta me Vitamin\u00eb C dhe me ekstrakt t\u00eb ka\u00e7\u00ebs. N\u00eb nj\u00eb pako jan\u00eb 75 tableta, mjaft p\u00ebr 2 muaj e 15 dit\u00eb. Tabletat ruani n\u00eb vend t\u00eb that\u00eb n\u00eb temperatur\u00eb prej 25\u00b0\u0421, larg drit\u00ebs si dhe larg f\u00ebmij\u00ebve. Tabletat jan\u00eb t\u00eb dedikuara p\u00ebr personat e rritur. Forma farmaceutike: tableta.    P\u00ebrb\u00ebrja:    Vitamin\u00eb C\u2026\u2026\u2026\u2026\u2026\u2026..1000 mg Ekstrakt i ka\u00e7\u00ebs \u2026\u2026\u2026\u202640 mg\" \/>\n<meta property=\"og:url\" content=\"https:\/\/omnikum.mk\/sq\/product\/omnikum-vitamin-c-1000mg\/\" \/>\n<meta property=\"og:site_name\" content=\"\u041e\u043c\u043d\u0438\u043a\u0443\u043c\" \/>\n<meta property=\"article:modified_time\" content=\"2021-12-07T13:27:37+00:00\" \/>\n<meta property=\"og:image\" content=\"https:\/\/omnikum.mk\/wp-content\/uploads\/2021\/01\/Omnikum-Vitamin-C-1000mg.png\" \/>\n\t<meta property=\"og:image:width\" content=\"1000\" \/>\n\t<meta property=\"og:image:height\" content=\"1000\" \/>\n<meta name=\"twitter:card\" content=\"summary_large_image\" \/>\n<meta name=\"twitter:label1\" content=\"Est. reading time\">\n\t<meta name=\"twitter:data1\" content=\"2 minutes\">\n<script type=\"application\/ld+json\" class=\"yoast-schema-graph\">{\"@context\":\"https:\/\/schema.org\",\"@graph\":[{\"@type\":\"Organization\",\"@id\":\"https:\/\/omnikum.mk\/#organization\",\"name\":\"\\u041e\\u043c\\u043d\\u0438\\u043a\\u0443\\u043c\",\"url\":\"https:\/\/omnikum.mk\/\",\"sameAs\":[],\"logo\":{\"@type\":\"ImageObject\",\"@id\":\"https:\/\/omnikum.mk\/#logo\",\"inLanguage\":\"sq-AL\",\"url\":\"https:\/\/omnikum.mk\/wp-content\/uploads\/2021\/01\/Logo-Omnikum-1.png\",\"width\":1000,\"height\":1000,\"caption\":\"\\u041e\\u043c\\u043d\\u0438\\u043a\\u0443\\u043c\"},\"image\":{\"@id\":\"https:\/\/omnikum.mk\/#logo\"}},{\"@type\":\"WebSite\",\"@id\":\"https:\/\/omnikum.mk\/#website\",\"url\":\"https:\/\/omnikum.mk\/\",\"name\":\"\\u041e\\u043c\\u043d\\u0438\\u043a\\u0443\\u043c\",\"description\":\"\\u041e\\u0444\\u0438\\u0446\\u0438\\u0458\\u0430\\u043b\\u043d\\u0430 \\u0432\\u0435\\u0431 \\u0441\\u0442\\u0440\\u0430\\u043d\\u0430\",\"publisher\":{\"@id\":\"https:\/\/omnikum.mk\/#organization\"},\"potentialAction\":[{\"@type\":\"SearchAction\",\"target\":\"https:\/\/omnikum.mk\/?s={search_term_string}\",\"query-input\":\"required name=search_term_string\"}],\"inLanguage\":\"sq-AL\"},{\"@type\":\"ImageObject\",\"@id\":\"https:\/\/omnikum.mk\/sq\/product\/omnikum-vitamin-c-1000mg\/#primaryimage\",\"inLanguage\":\"sq-AL\",\"url\":\"https:\/\/omnikum.mk\/wp-content\/uploads\/2021\/01\/Omnikum-Vitamin-C-1000mg.png\",\"width\":1000,\"height\":1000,\"caption\":\"Vitamin C\"},{\"@type\":\"WebPage\",\"@id\":\"https:\/\/omnikum.mk\/sq\/product\/omnikum-vitamin-c-1000mg\/#webpage\",\"url\":\"https:\/\/omnikum.mk\/sq\/product\/omnikum-vitamin-c-1000mg\/\",\"name\":\"Omnikum Vitamin C 1000mg - \\u041e\\u043c\\u043d\\u0438\\u043a\\u0443\\u043c\",\"isPartOf\":{\"@id\":\"https:\/\/omnikum.mk\/#website\"},\"primaryImageOfPage\":{\"@id\":\"https:\/\/omnikum.mk\/sq\/product\/omnikum-vitamin-c-1000mg\/#primaryimage\"},\"datePublished\":\"2021-04-13T08:57:33+00:00\",\"dateModified\":\"2021-12-07T13:27:37+00:00\",\"inLanguage\":\"sq-AL\",\"potentialAction\":[{\"@type\":\"ReadAction\",\"target\":[\"https:\/\/omnikum.mk\/sq\/product\/omnikum-vitamin-c-1000mg\/\"]}]}]}<\/script>\n<!-- \/ Yoast SEO plugin. -->","_links":{"self":[{"href":"https:\/\/omnikum.mk\/sq\/wp-json\/wp\/v2\/product\/4055"}],"collection":[{"href":"https:\/\/omnikum.mk\/sq\/wp-json\/wp\/v2\/product"}],"about":[{"href":"https:\/\/omnikum.mk\/sq\/wp-json\/wp\/v2\/types\/product"}],"replies":[{"embeddable":true,"href":"https:\/\/omnikum.mk\/sq\/wp-json\/wp\/v2\/comments?post=4055"}],"wp:featuredmedia":[{"embeddable":true,"href":"https:\/\/omnikum.mk\/sq\/wp-json\/wp\/v2\/media\/4915"}],"wp:attachment":[{"href":"https:\/\/omnikum.mk\/sq\/wp-json\/wp\/v2\/media?parent=4055"}],"curies":[{"name":"wp","href":"https:\/\/api.w.org\/{rel}","templated":true}]}}