{"id":4057,"date":"2021-04-13T09:56:14","date_gmt":"2021-04-13T08:56:14","guid":{"rendered":"https:\/\/omnikum.mk\/?post_type=product&#038;p=4057"},"modified":"2021-12-07T14:27:47","modified_gmt":"2021-12-07T13:27:47","slug":"omnikum-omega-3-1400mg","status":"publish","type":"product","link":"https:\/\/omnikum.mk\/sq\/product\/omnikum-omega-3-1400mg\/","title":{"rendered":"Omnikum Omega 3 &#8211; 1400mg"},"content":{"rendered":"<p><strong>\u00c7ka \u00ebsht\u00eb Omnikum Omega 3 dhe p\u00ebr \u00e7ka p\u00ebrdoret?<\/strong><\/p>\n<p><strong>Omnikum Omega 3<\/strong> (DHA,EPA) kontribuojn\u00eb p\u00ebr mir\u00ebmbajtjen e funksioneve normale t\u00eb:<\/p>\n<p>\u2013 Zemr\u00ebs dhe sistemit kardiovaskular<br \/>\n\u2013 Trurit dhe sistemit nervor<br \/>\n\u2013 Shikimit<br \/>\n\u2013 Sistemit digjestiv<\/p>\n<p><strong>Omnikum Omega 3<\/strong> tregon ndikim t\u00eb volitsh\u00ebm n\u00eb nivelin e holesterolit.<\/p>\n<p><strong>DHA dhe EPA ndihmojn\u00eb n\u00eb:<\/strong><\/p>\n<p>\u2013 Mir\u00ebmbajtjen e nivelit normal t\u00eb triglicerideve;<br \/>\n\u2013 Mir\u00ebmbajtjen e presionit normal t\u00eb gjakut;<br \/>\n\u2013 Funksionin normal t\u00eb zemr\u00ebs;<\/p>\n<p>Omega 3 acidet yndyrore EPA dhe DHA jan\u00eb t\u00eb mira p\u00ebr zemr\u00ebn dhe p\u00ebr shtypjen e gjakut (q\u00eb arrihet me marrjen \u00e7do dit\u00eb t\u00eb 250 mg EPA dhe DHA). Po ashtu n\u00ebse n\u00ebna merr Omega 3 gjat\u00eb shtatz\u00ebnis\u00eb s\u00eb saj, mund\u00ebson zhvillim m\u00eb t\u00eb mir\u00eb t\u00eb trurit dhe t\u00eb pamurit t\u00eb fetusit (p\u00ebr t\u00eb cil\u00ebn nevojiten 200mg DHA n\u00eb dit\u00eb).<\/p>\n<p>Omnikum Omega 3 kapsulat jan\u00eb pa arom\u00eb dhe pa shije, i k\u00ebnaqin nevojat e organizmit p\u00ebr EPA dhe DHA dhe ndikojn\u00eb mir\u00eb n\u00eb shum\u00eb segmente t\u00eb organizmit.<\/p>\n<p>Kapsulat kan\u00eb mb\u00ebshtjell\u00ebs prej xhelatine nga peshku. Nuk p\u00ebrmbajn\u00eb shtojca kripe, sheqeri.<\/p>\n<p>Rekomandohet q\u00eb t\u00eb p\u00ebrdoret nga 1 kapsul\u00eb n\u00eb dit\u00eb me ushqim.<\/p>\n<p><strong>Sh\u00ebndeti meriton m\u00eb shum\u00eb!<\/strong><br \/>\n<strong>K\u00ebrkojeni n\u00eb barnatoret PlusPharma!\u201d<\/strong><\/p>\n","protected":false},"excerpt":{"rendered":"<p>Omnikum Omega 3 \u00ebsht\u00eb shtojc\u00eb ushqimi n\u00eb form\u00ebn e kapsulave t\u00eb cilat p\u00ebrmbajn\u00eb vaj peshku 1400mg. Nj\u00eb kapsul\u00eb n\u00eb p\u00ebrb\u00ebrjen e tij ka EPA \u2013 504 mg dhe DHA \u2013 378 mg, Vitamin\u00eb \u0415 \u2013 2 mg.<\/p>\n[spacer height=\"10px\"]\n<p>Vaji \u00ebsht\u00eb fituar nga peshqit e uj\u00ebrave t\u00eb ftohta, t\u00eb pastra t\u00eb Oqeanit Paq\u00ebsor. K\u00ebta peshq p\u00ebrmbajn\u00eb koncentrim m\u00eb t\u00eb madh t\u00eb Omega 3 dhe n\u00eb t\u00eb nj\u00ebjt\u00ebn koh\u00eb m\u00eb pak i jan\u00eb n\u00ebnshtruar ndotjes ndaj atyre peshqve t\u00eb cil\u00ebt jetojn\u00eb n\u00ebp\u00ebr uj\u00ebrat e cek\u00ebta.<\/p>\n[spacer height=\"10px\"]\n<p><strong>Omnikum Omega 3 <\/strong><strong>\u2013 30 kapsula<\/strong><\/p>\n[spacer height=\"10px\"]\n<p><strong>P\u00ebrb\u00ebrja:<\/strong> vaj peshku -1400 mg, EPA (Eicosapentaenoic acid)-504 mg, DHA (Docosahexaenoic acid)-378 mg, Vitamin\u00eb \u0415 -2 mg.<\/p>\n","protected":false},"featured_media":4921,"comment_status":"closed","ping_status":"closed","template":"","meta":[],"yoast_head":"<!-- This site is optimized with the Yoast SEO plugin v15.6.2 - https:\/\/yoast.com\/wordpress\/plugins\/seo\/ -->\n<title>Omnikum Omega 3 - 1400mg - \u041e\u043c\u043d\u0438\u043a\u0443\u043c<\/title>\n<meta name=\"robots\" content=\"index, follow, max-snippet:-1, max-image-preview:large, max-video-preview:-1\" \/>\n<link rel=\"canonical\" href=\"https:\/\/omnikum.mk\/sq\/product\/omnikum-omega-3-1400mg\/\" \/>\n<meta property=\"og:locale\" content=\"sq_AL\" \/>\n<meta property=\"og:type\" content=\"article\" \/>\n<meta property=\"og:title\" content=\"Omnikum Omega 3 - 1400mg - \u041e\u043c\u043d\u0438\u043a\u0443\u043c\" \/>\n<meta property=\"og:description\" content=\"Omnikum Omega 3 \u00ebsht\u00eb shtojc\u00eb ushqimi n\u00eb form\u00ebn e kapsulave t\u00eb cilat p\u00ebrmbajn\u00eb vaj peshku 1400mg. Nj\u00eb kapsul\u00eb n\u00eb p\u00ebrb\u00ebrjen e tij ka EPA \u2013 504 mg dhe DHA \u2013 378 mg, Vitamin\u00eb \u0415 \u2013 2 mg.    Vaji \u00ebsht\u00eb fituar nga peshqit e uj\u00ebrave t\u00eb ftohta, t\u00eb pastra t\u00eb Oqeanit Paq\u00ebsor. K\u00ebta peshq p\u00ebrmbajn\u00eb koncentrim m\u00eb t\u00eb madh t\u00eb Omega 3 dhe n\u00eb t\u00eb nj\u00ebjt\u00ebn koh\u00eb m\u00eb pak i jan\u00eb n\u00ebnshtruar ndotjes ndaj atyre peshqve t\u00eb cil\u00ebt jetojn\u00eb n\u00ebp\u00ebr uj\u00ebrat e cek\u00ebta.    Omnikum Omega 3 \u2013 30 kapsula    P\u00ebrb\u00ebrja: vaj peshku -1400 mg, EPA (Eicosapentaenoic acid)-504 mg, DHA (Docosahexaenoic acid)-378 mg, Vitamin\u00eb \u0415 -2 mg.\" \/>\n<meta property=\"og:url\" content=\"https:\/\/omnikum.mk\/sq\/product\/omnikum-omega-3-1400mg\/\" \/>\n<meta property=\"og:site_name\" content=\"\u041e\u043c\u043d\u0438\u043a\u0443\u043c\" \/>\n<meta property=\"article:modified_time\" content=\"2021-12-07T13:27:47+00:00\" \/>\n<meta property=\"og:image\" content=\"https:\/\/omnikum.mk\/wp-content\/uploads\/2021\/01\/Omnikum-Omega-3-\u2013-1400mg.png\" \/>\n\t<meta property=\"og:image:width\" content=\"1000\" \/>\n\t<meta property=\"og:image:height\" content=\"1000\" \/>\n<meta name=\"twitter:card\" content=\"summary_large_image\" \/>\n<meta name=\"twitter:label1\" content=\"Est. reading time\">\n\t<meta name=\"twitter:data1\" content=\"1 minute\">\n<script type=\"application\/ld+json\" class=\"yoast-schema-graph\">{\"@context\":\"https:\/\/schema.org\",\"@graph\":[{\"@type\":\"Organization\",\"@id\":\"https:\/\/omnikum.mk\/#organization\",\"name\":\"\\u041e\\u043c\\u043d\\u0438\\u043a\\u0443\\u043c\",\"url\":\"https:\/\/omnikum.mk\/\",\"sameAs\":[],\"logo\":{\"@type\":\"ImageObject\",\"@id\":\"https:\/\/omnikum.mk\/#logo\",\"inLanguage\":\"sq-AL\",\"url\":\"https:\/\/omnikum.mk\/wp-content\/uploads\/2021\/01\/Logo-Omnikum-1.png\",\"width\":1000,\"height\":1000,\"caption\":\"\\u041e\\u043c\\u043d\\u0438\\u043a\\u0443\\u043c\"},\"image\":{\"@id\":\"https:\/\/omnikum.mk\/#logo\"}},{\"@type\":\"WebSite\",\"@id\":\"https:\/\/omnikum.mk\/#website\",\"url\":\"https:\/\/omnikum.mk\/\",\"name\":\"\\u041e\\u043c\\u043d\\u0438\\u043a\\u0443\\u043c\",\"description\":\"\\u041e\\u0444\\u0438\\u0446\\u0438\\u0458\\u0430\\u043b\\u043d\\u0430 \\u0432\\u0435\\u0431 \\u0441\\u0442\\u0440\\u0430\\u043d\\u0430\",\"publisher\":{\"@id\":\"https:\/\/omnikum.mk\/#organization\"},\"potentialAction\":[{\"@type\":\"SearchAction\",\"target\":\"https:\/\/omnikum.mk\/?s={search_term_string}\",\"query-input\":\"required name=search_term_string\"}],\"inLanguage\":\"sq-AL\"},{\"@type\":\"ImageObject\",\"@id\":\"https:\/\/omnikum.mk\/sq\/product\/omnikum-omega-3-1400mg\/#primaryimage\",\"inLanguage\":\"sq-AL\",\"url\":\"https:\/\/omnikum.mk\/wp-content\/uploads\/2021\/01\/Omnikum-Omega-3-\\u2013-1400mg.png\",\"width\":1000,\"height\":1000,\"caption\":\"Omega 3\"},{\"@type\":\"WebPage\",\"@id\":\"https:\/\/omnikum.mk\/sq\/product\/omnikum-omega-3-1400mg\/#webpage\",\"url\":\"https:\/\/omnikum.mk\/sq\/product\/omnikum-omega-3-1400mg\/\",\"name\":\"Omnikum Omega 3 - 1400mg - \\u041e\\u043c\\u043d\\u0438\\u043a\\u0443\\u043c\",\"isPartOf\":{\"@id\":\"https:\/\/omnikum.mk\/#website\"},\"primaryImageOfPage\":{\"@id\":\"https:\/\/omnikum.mk\/sq\/product\/omnikum-omega-3-1400mg\/#primaryimage\"},\"datePublished\":\"2021-04-13T08:56:14+00:00\",\"dateModified\":\"2021-12-07T13:27:47+00:00\",\"inLanguage\":\"sq-AL\",\"potentialAction\":[{\"@type\":\"ReadAction\",\"target\":[\"https:\/\/omnikum.mk\/sq\/product\/omnikum-omega-3-1400mg\/\"]}]}]}<\/script>\n<!-- \/ Yoast SEO plugin. -->","_links":{"self":[{"href":"https:\/\/omnikum.mk\/sq\/wp-json\/wp\/v2\/product\/4057"}],"collection":[{"href":"https:\/\/omnikum.mk\/sq\/wp-json\/wp\/v2\/product"}],"about":[{"href":"https:\/\/omnikum.mk\/sq\/wp-json\/wp\/v2\/types\/product"}],"replies":[{"embeddable":true,"href":"https:\/\/omnikum.mk\/sq\/wp-json\/wp\/v2\/comments?post=4057"}],"wp:featuredmedia":[{"embeddable":true,"href":"https:\/\/omnikum.mk\/sq\/wp-json\/wp\/v2\/media\/4921"}],"wp:attachment":[{"href":"https:\/\/omnikum.mk\/sq\/wp-json\/wp\/v2\/media?parent=4057"}],"curies":[{"name":"wp","href":"https:\/\/api.w.org\/{rel}","templated":true}]}}