{"id":4059,"date":"2021-04-13T09:55:41","date_gmt":"2021-04-13T08:55:41","guid":{"rendered":"https:\/\/omnikum.mk\/?post_type=product&#038;p=4059"},"modified":"2021-12-07T14:27:55","modified_gmt":"2021-12-07T13:27:55","slug":"omnikum-osteo","status":"publish","type":"product","link":"https:\/\/omnikum.mk\/sq\/product\/omnikum-osteo\/","title":{"rendered":"Omnikum Osteo"},"content":{"rendered":"<p><strong>\u00c7ka \u00ebsht\u00eb Omnikum Osteo dhe p\u00ebr \u00e7ka p\u00ebrdoret?<\/strong><\/p>\n<p>Omnikum Osteo \u00ebsht\u00eb formul\u00eb e krijuar speciale e cila \u00ebsht\u00eb gjith\u00ebp\u00ebrfshir\u00ebse dhe \u00ebsht\u00eb e dedikuar p\u00ebr mir\u00ebmbajtjen e eshtrave t\u00eb forta, dh\u00ebmb\u00ebve dhe muskujve fleksibil.<\/p>\n<p><em>Kalciumi<\/em> ndihmon n\u00eb mir\u00ebmbajtjen e eshtrave dhe dh\u00ebmb\u00ebve t\u00eb fort\u00eb, ndihmon n\u00eb ndalimin e pak\u00ebsimit t\u00eb mineraleve t\u00eb eshtrave te grat\u00eb pas menopauz\u00ebs, q\u00eb \u00ebsht\u00eb faktor rreziku p\u00ebr fraktura osteoporoze t\u00eb eshtrave.<\/p>\n<p><em>Magnezi<\/em> merr pjes\u00eb n\u00eb funksionimin normal t\u00eb muskujve dhe jep energji shtes\u00eb me rastin e lodhjes.<\/p>\n<p><em>Vitamina D3<\/em> mund\u00ebson absorbimin normal t\u00eb kalciumit dhe fosforit si dhe t\u00eb nivelit normal t\u00eb kalciumit n\u00eb gjak, duke mund\u00ebsuar mir\u00ebmbajtjen e eshtrave t\u00eb sh\u00ebndetshme, n\u00eb t\u00eb v\u00ebrtet\u00eb e shton absorbimin e kalciumit n\u00eb eshtra dhe ndikon n\u00eb forcimin e imunitetit.<\/p>\n<p><em>Zinku <\/em>i mban eshtrat dhe \u00ebsht\u00eb i mir\u00eb p\u00ebr l\u00ebkur\u00ebn, flok\u00ebt dhe thonjt\u00eb.<\/p>\n<p><em>Vitamina C<\/em> \u00ebsht\u00eb i r\u00ebnd\u00ebsish\u00ebm p\u00ebr formimin e kolagjenit i cili n\u00eb an\u00ebn tjet\u00ebr \u00ebsht\u00eb i r\u00ebnd\u00ebsish\u00ebm p\u00ebr eshtrat, k\u00ebrcin dhe p\u00ebr mir\u00ebmbajtjen e eshtrave t\u00eb forta.<\/p>\n<p><em>Mangani <\/em>ka ndikim n\u00eb formimin normal t\u00eb indit lidh\u00ebs n\u00eb k\u00ebrce dhe eshtra.<\/p>\n<p><em>Bakri mund\u00ebson mir\u00ebmbajtjen normale t\u00eb indit lidh\u00ebs.<\/em><\/p>\n<p><em>Vitamina <\/em><em>\u041a<\/em><em>2<\/em> kontribuon p\u00ebr mpiksjen normale t\u00eb gjakut.<\/p>\n<p><em>Bori<\/em> merr pjes\u00eb n\u00eb mir\u00ebmbajtjen e struktur\u00ebs s\u00eb eshtrave dhe nyjave.<\/p>\n<p><strong>Doza e rekomanduar \u00ebsht\u00eb 1 tablet\u00eb n\u00eb dit\u00eb gjat\u00eb ushqimit.<\/strong><\/p>\n<p>Mbajeni sh\u00ebndetin e eshtrave tuaja me vet\u00ebm nj\u00eb tablet\u00eb n\u00eb dit\u00eb.<\/p>\n<p><strong>Sh\u00ebndeti meriton m\u00eb shum\u00eb!<\/strong><br \/>\n<strong>K\u00ebrkojeni n\u00eb barnatoret PlusPharma!\u201d<\/strong><\/p>\n","protected":false},"excerpt":{"rendered":"<p>Paraqet formul\u00eb komplete e cila kontribuon p\u00ebr mir\u00ebmbajtjen e eshtrave t\u00eb sh\u00ebndetshme. Tabletat n\u00eb p\u00ebrb\u00ebrjen e tyre kan\u00eb Ca (kalcium), Mg (magnez), Vitamin\u00eb C, Zn (zink), Mn (mangan), Cu (bak\u00ebr), Vitamin\u00eb \u041a2, Vitamin\u00eb D dhe borat natrium.<\/p>\n<p>Format e zgjedhura me kujdes t\u00eb komponentave p\u00ebrb\u00ebr\u00ebse t\u00eb cilat leht\u00eb absorbohen, me q\u00ebllim q\u00eb m\u00eb mir\u00eb t\u00eb p\u00ebrdoren nga trupi.<\/p>\n<p><strong>Omnikum Osteo<\/strong> p\u00ebrdoret p\u00ebr preventiv\u00eb nga demineralizimi i eshtrave (te grat\u00eb pas menopauz\u00ebs). N\u00ebse keni problem me gjunj\u00eb ose me dhembje t\u00eb nyjave pas operacionit, rekomandohet p\u00ebrdorimi i Omnikum Osteo p\u00ebr sh\u00ebrim m\u00eb t\u00eb shpejt\u00eb, sepse trupi do t\u2019i ket\u00eb n\u00eb disponim elementet themelore nd\u00ebrtuese p\u00ebr eshtra t\u00eb sh\u00ebndetshme, nyja dhe muskuj.<\/p>\n<p><strong>Omnikum Osteo <\/strong><strong>\u2013 60 tableta<\/strong><\/p>\n<p><strong>P\u00ebrb\u00ebrja:<\/strong> Borat natrium (4,583mg), karbonat kalciumi (1401,944mg), citrat kalciumi (47,619mg), sulfat bakri (0,273mg), oksid magnezi (328,534mg), citrat magnezi (22,727mg), sulfat mangani (0,563mg), Vitamin\u00eb C (7,113mg), Vitamin\u00eb D3 (holekalciferol) 2.50 mcg; 1,200 mg (100,000 IU \/ g.), Vitamin\u00eb K2 (menakinon -4) (4,125mg), oksid zinku (6,410mg).<\/p>\n","protected":false},"featured_media":4918,"comment_status":"closed","ping_status":"closed","template":"","meta":[],"yoast_head":"<!-- This site is optimized with the Yoast SEO plugin v15.6.2 - https:\/\/yoast.com\/wordpress\/plugins\/seo\/ -->\n<title>Omnikum Osteo - \u041e\u043c\u043d\u0438\u043a\u0443\u043c<\/title>\n<meta name=\"robots\" content=\"index, follow, max-snippet:-1, max-image-preview:large, max-video-preview:-1\" \/>\n<link rel=\"canonical\" href=\"https:\/\/omnikum.mk\/sq\/product\/omnikum-osteo\/\" \/>\n<meta property=\"og:locale\" content=\"sq_AL\" \/>\n<meta property=\"og:type\" content=\"article\" \/>\n<meta property=\"og:title\" content=\"Omnikum Osteo - \u041e\u043c\u043d\u0438\u043a\u0443\u043c\" \/>\n<meta property=\"og:description\" content=\"Paraqet formul\u00eb komplete e cila kontribuon p\u00ebr mir\u00ebmbajtjen e eshtrave t\u00eb sh\u00ebndetshme. Tabletat n\u00eb p\u00ebrb\u00ebrjen e tyre kan\u00eb Ca (kalcium), Mg (magnez), Vitamin\u00eb C, Zn (zink), Mn (mangan), Cu (bak\u00ebr), Vitamin\u00eb \u041a2, Vitamin\u00eb D dhe borat natrium.  Format e zgjedhura me kujdes t\u00eb komponentave p\u00ebrb\u00ebr\u00ebse t\u00eb cilat leht\u00eb absorbohen, me q\u00ebllim q\u00eb m\u00eb mir\u00eb t\u00eb p\u00ebrdoren nga trupi.  Omnikum Osteo p\u00ebrdoret p\u00ebr preventiv\u00eb nga demineralizimi i eshtrave (te grat\u00eb pas menopauz\u00ebs). N\u00ebse keni problem me gjunj\u00eb ose me dhembje t\u00eb nyjave pas operacionit, rekomandohet p\u00ebrdorimi i Omnikum Osteo p\u00ebr sh\u00ebrim m\u00eb t\u00eb shpejt\u00eb, sepse trupi do t\u2019i ket\u00eb n\u00eb disponim elementet themelore nd\u00ebrtuese p\u00ebr eshtra t\u00eb sh\u00ebndetshme, nyja dhe muskuj.  Omnikum Osteo \u2013 60 tableta  P\u00ebrb\u00ebrja: Borat natrium (4,583mg), karbonat kalciumi (1401,944mg), citrat kalciumi (47,619mg), sulfat bakri (0,273mg), oksid magnezi (328,534mg), citrat magnezi (22,727mg), sulfat mangani (0,563mg), Vitamin\u00eb C (7,113mg), Vitamin\u00eb D3 (holekalciferol) 2.50 mcg; 1,200 mg (100,000 IU \/ g.), Vitamin\u00eb K2 (menakinon -4) (4,125mg), oksid zinku (6,410mg).\" \/>\n<meta property=\"og:url\" content=\"https:\/\/omnikum.mk\/sq\/product\/omnikum-osteo\/\" \/>\n<meta property=\"og:site_name\" content=\"\u041e\u043c\u043d\u0438\u043a\u0443\u043c\" \/>\n<meta property=\"article:modified_time\" content=\"2021-12-07T13:27:55+00:00\" \/>\n<meta property=\"og:image\" content=\"https:\/\/omnikum.mk\/wp-content\/uploads\/2021\/01\/Omnikum-Osteo.png\" \/>\n\t<meta property=\"og:image:width\" content=\"1000\" \/>\n\t<meta property=\"og:image:height\" content=\"1000\" \/>\n<meta name=\"twitter:card\" content=\"summary_large_image\" \/>\n<meta name=\"twitter:label1\" content=\"Est. reading time\">\n\t<meta name=\"twitter:data1\" content=\"2 minutes\">\n<script type=\"application\/ld+json\" class=\"yoast-schema-graph\">{\"@context\":\"https:\/\/schema.org\",\"@graph\":[{\"@type\":\"Organization\",\"@id\":\"https:\/\/omnikum.mk\/#organization\",\"name\":\"\\u041e\\u043c\\u043d\\u0438\\u043a\\u0443\\u043c\",\"url\":\"https:\/\/omnikum.mk\/\",\"sameAs\":[],\"logo\":{\"@type\":\"ImageObject\",\"@id\":\"https:\/\/omnikum.mk\/#logo\",\"inLanguage\":\"sq-AL\",\"url\":\"https:\/\/omnikum.mk\/wp-content\/uploads\/2021\/01\/Logo-Omnikum-1.png\",\"width\":1000,\"height\":1000,\"caption\":\"\\u041e\\u043c\\u043d\\u0438\\u043a\\u0443\\u043c\"},\"image\":{\"@id\":\"https:\/\/omnikum.mk\/#logo\"}},{\"@type\":\"WebSite\",\"@id\":\"https:\/\/omnikum.mk\/#website\",\"url\":\"https:\/\/omnikum.mk\/\",\"name\":\"\\u041e\\u043c\\u043d\\u0438\\u043a\\u0443\\u043c\",\"description\":\"\\u041e\\u0444\\u0438\\u0446\\u0438\\u0458\\u0430\\u043b\\u043d\\u0430 \\u0432\\u0435\\u0431 \\u0441\\u0442\\u0440\\u0430\\u043d\\u0430\",\"publisher\":{\"@id\":\"https:\/\/omnikum.mk\/#organization\"},\"potentialAction\":[{\"@type\":\"SearchAction\",\"target\":\"https:\/\/omnikum.mk\/?s={search_term_string}\",\"query-input\":\"required name=search_term_string\"}],\"inLanguage\":\"sq-AL\"},{\"@type\":\"ImageObject\",\"@id\":\"https:\/\/omnikum.mk\/sq\/product\/omnikum-osteo\/#primaryimage\",\"inLanguage\":\"sq-AL\",\"url\":\"https:\/\/omnikum.mk\/wp-content\/uploads\/2021\/01\/Omnikum-Osteo.png\",\"width\":1000,\"height\":1000,\"caption\":\"Osteo\"},{\"@type\":\"WebPage\",\"@id\":\"https:\/\/omnikum.mk\/sq\/product\/omnikum-osteo\/#webpage\",\"url\":\"https:\/\/omnikum.mk\/sq\/product\/omnikum-osteo\/\",\"name\":\"Omnikum Osteo - \\u041e\\u043c\\u043d\\u0438\\u043a\\u0443\\u043c\",\"isPartOf\":{\"@id\":\"https:\/\/omnikum.mk\/#website\"},\"primaryImageOfPage\":{\"@id\":\"https:\/\/omnikum.mk\/sq\/product\/omnikum-osteo\/#primaryimage\"},\"datePublished\":\"2021-04-13T08:55:41+00:00\",\"dateModified\":\"2021-12-07T13:27:55+00:00\",\"inLanguage\":\"sq-AL\",\"potentialAction\":[{\"@type\":\"ReadAction\",\"target\":[\"https:\/\/omnikum.mk\/sq\/product\/omnikum-osteo\/\"]}]}]}<\/script>\n<!-- \/ Yoast SEO plugin. -->","_links":{"self":[{"href":"https:\/\/omnikum.mk\/sq\/wp-json\/wp\/v2\/product\/4059"}],"collection":[{"href":"https:\/\/omnikum.mk\/sq\/wp-json\/wp\/v2\/product"}],"about":[{"href":"https:\/\/omnikum.mk\/sq\/wp-json\/wp\/v2\/types\/product"}],"replies":[{"embeddable":true,"href":"https:\/\/omnikum.mk\/sq\/wp-json\/wp\/v2\/comments?post=4059"}],"wp:featuredmedia":[{"embeddable":true,"href":"https:\/\/omnikum.mk\/sq\/wp-json\/wp\/v2\/media\/4918"}],"wp:attachment":[{"href":"https:\/\/omnikum.mk\/sq\/wp-json\/wp\/v2\/media?parent=4059"}],"curies":[{"name":"wp","href":"https:\/\/api.w.org\/{rel}","templated":true}]}}