{"id":4975,"date":"2021-12-09T13:24:16","date_gmt":"2021-12-09T12:24:16","guid":{"rendered":"https:\/\/omnikum.mk\/?post_type=product&#038;p=4975"},"modified":"2024-11-11T14:54:06","modified_gmt":"2024-11-11T13:54:06","slug":"omnikum-d","status":"publish","type":"product","link":"https:\/\/omnikum.mk\/sq\/product\/omnikum-d\/","title":{"rendered":"Omnikum D3"},"content":{"rendered":"<h4 class=\"western\" lang=\"en-US\" style=\"text-align: center;\"><strong><span lang=\"sq-AL\">\u00c7far\u00eb \u00ebsht\u00eb Omnikum D3 dhe p\u00ebr \u00e7far\u00eb p\u00ebrdoret?<\/span><\/strong><\/h4>\n<p lang=\"en-US\"><span lang=\"sq-AL\">Kapsulat Omnikum D3 <\/span><span lang=\"sq-AL\">p\u00ebrmbajn\u00eb substanc\u00ebn aktive kolekalciferol. Kolekalciferoli \u00ebsht\u00eb nj\u00eb form\u00eb e vitamin\u00ebs D, q\u00eb luan nj\u00eb rol t\u00eb r\u00ebnd\u00ebsish\u00ebm n\u00eb p\u00ebrthithjen dhe metabolizmin e kalciumit dhe p\u00ebrfshirjen e tij n\u00eb indin kockor.<\/span><\/p>\n<h4 class=\"western\" lang=\"en-US\"><span lang=\"sq-AL\">Omnicum D3 p\u00ebrdoret p\u00ebr: <\/span><\/h4>\n<ul>\n<li>\n<p lang=\"en-US\"><span lang=\"sq-AL\">Parandalimin e munges\u00ebs s\u00eb vitamin\u00ebs D (nivele t\u00eb ul\u00ebta t\u00eb vitamin\u00ebs D n\u00eb organiz\u00ebm) tek f\u00ebmij\u00ebt mbi 6 vje\u00e7, adoleshent\u00ebt dhe t\u00eb rriturit me rrezik t\u00eb lart\u00eb..<\/span><\/p>\n<\/li>\n<li>\n<p lang=\"en-US\"><span lang=\"sq-AL\">Trajtimi i munges\u00ebs s\u00eb vitamin\u00ebs D tek adoleshent\u00ebt dhe t\u00eb rriturit.<\/span><\/p>\n<\/li>\n<li>\n<p lang=\"en-US\"><span lang=\"sq-AL\">Terapia plot\u00ebsuese p\u00ebr osteoporoz\u00ebn (nj\u00eb s\u00ebmundje n\u00eb t\u00eb cil\u00ebn densiteti i kockave zvog\u00eblohet duke \u00e7uar n\u00eb nj\u00eb rritje t\u00eb gjasave p\u00ebr fraktura) te t\u00eb rriturit me munges\u00eb t\u00eb vitamin\u00ebs D ose rrezik t\u00eb lart\u00eb t\u00eb munges\u00ebs s\u00eb vitamin\u00ebs D <\/span><\/p>\n<\/li>\n<\/ul>\n<p lang=\"en-US\" align=\"justify\"><strong><span lang=\"sq-AL\">Omnikum D3 \u00ebsht\u00eb thelb\u00ebsor p\u00ebr zhvillimin dhe mir\u00ebmbajtjen e duhur t\u00eb kockave t\u00eb sh\u00ebndetshme dhe ndihmon n\u00eb ruajtjen e dh\u00ebmb\u00ebve t\u00eb sh\u00ebndetsh\u00ebm. Mb\u00ebshtet thithjen e duhur t\u00eb kalciumit dhe fosforit, ruan nivelin e duhur t\u00eb kalciumit n\u00eb gjak dhe merr pjes\u00eb n\u00eb procesin e ndarjes s\u00eb qelizave. P\u00ebrve\u00e7 k\u00ebsaj, vitamina D mb\u00ebshtet funksionimin e duhur t\u00eb muskujve dhe sistemit imunitar.<\/span><\/strong><\/p>\n<p lang=\"en-US\"><span lang=\"sq-AL\">Substanca aktive kolekalciferol \u00ebsht\u00eb identike me kolekalciferolin q\u00eb gjendet n\u00eb trupin e njeriut. \u00cbsht\u00eb i pranish\u00ebm n\u00eb ushqim dhe krijohet n\u00eb l\u00ebkur\u00eb pas ekspozimit n\u00eb diell. Mungesa e vitamin\u00ebs D mund t\u00eb ndodh\u00eb n\u00ebse ushqimi ose m\u00ebnyra e jetes\u00ebs nuk ofron mjaftuesh\u00ebm vitamin\u00eb D ose kur trupi juaj ka nevoj\u00eb p\u00ebr m\u00eb shum\u00eb sasi t\u00eb vitamin\u00ebs D.<\/span><\/p>\n<h4 lang=\"en-US\"><strong><span lang=\"sq-AL\">Si t\u00eb merrni \/ p\u00ebrdorni Omnikum D3?<\/span><\/strong><\/h4>\n<p lang=\"en-US\"><span lang=\"sq-AL\">Rekomandohet p\u00ebrdorimi i 1 kapsule n\u00eb dit\u00eb (1000 IU) gjat\u00eb ushqimit. Mos e tejkaloni doz\u00ebn e rekomanduar ditore.<\/span><\/p>\n<p lang=\"en-US\"><span lang=\"sq-AL\">N\u00eb var\u00ebsi t\u00eb nevojave tuaja specifike, mjeku juaj mund t&#8217;ju k\u00ebshilloj\u00eb t\u00eb merrni nj\u00eb doz\u00eb t\u00eb ndryshme nga ato t\u00eb p\u00ebrshkruara m\u00eb sip\u00ebr. Ndiqni rekomandimin e mjekut tuaj<\/span><\/p>\n<p lang=\"en-US\">Para p\u00ebrdorimit, lexojeni udh\u00ebzimin me kujdes! P\u00ebr indikacionet, rrezikun nga p\u00ebrdorimi dhe efektet e pad\u00ebshiruara t\u00eb produktit t\u00eb kufizuar, konsultohuni me mjekun ose farmacistin tuaj.<\/p>\n<p>\u201cSh\u00ebndeti meriton m\u00eb shum\u00eb v\u00ebmendje!\u201d<\/p>\n","protected":false},"excerpt":{"rendered":"<p lang=\"en-US\"><span lang=\"sq-AL\">N\u00eb portofolin e Omnicum, vitamina D p\u00ebrfaq\u00ebsohet nga nj\u00eb pik\u00eb e fort\u00eb, Omnikum Vitamina D e 1000IE . Vitamina D3 Omnikum \u00ebsht\u00eb thelb\u00ebsore p\u00ebr zhvillimin e duhur dhe mir\u00ebmbajtjen e kockave t\u00eb sh\u00ebndetshme dhe ndihmon n\u00eb ruajtjen e dh\u00ebmb\u00ebve t\u00eb sh\u00ebndetsh\u00ebm.<\/span><\/p>\n<p lang=\"en-US\">[spacer height=\"10px\"]<\/p>\n<p lang=\"en-US\"><strong><span lang=\"sq-AL\">Forma farmaceutike: kapsula.<\/span><\/strong><\/p>\n<p lang=\"en-US\">[spacer height=\"10px\"]<\/p>\n<p lang=\"en-US\"><strong><span lang=\"sq-AL\">P\u00ebrb\u00ebrja:<\/span><\/strong><\/p>\n<p lang=\"en-US\"><span lang=\"sq-AL\">1 kapsul\u00eb Omnikum D3 1000UI p\u00ebrmban 25 mcg vitamin\u00eb D3 (kolekalciferol)<\/span><\/p>\n","protected":false},"featured_media":4912,"comment_status":"open","ping_status":"closed","template":"","meta":[],"yoast_head":"<!-- This site is optimized with the Yoast SEO plugin v15.6.2 - https:\/\/yoast.com\/wordpress\/plugins\/seo\/ -->\n<title>Omnikum D3 - \u041e\u043c\u043d\u0438\u043a\u0443\u043c<\/title>\n<meta name=\"robots\" content=\"index, follow, max-snippet:-1, max-image-preview:large, max-video-preview:-1\" \/>\n<link rel=\"canonical\" href=\"https:\/\/omnikum.mk\/sq\/product\/omnikum-d\/\" \/>\n<meta property=\"og:locale\" content=\"sq_AL\" \/>\n<meta property=\"og:type\" content=\"article\" \/>\n<meta property=\"og:title\" content=\"Omnikum D3 - \u041e\u043c\u043d\u0438\u043a\u0443\u043c\" \/>\n<meta property=\"og:description\" content=\"N\u00eb portofolin e Omnicum, vitamina D p\u00ebrfaq\u00ebsohet nga nj\u00eb pik\u00eb e fort\u00eb, Omnikum Vitamina D e 1000IE . Vitamina D3 Omnikum \u00ebsht\u00eb thelb\u00ebsore p\u00ebr zhvillimin e duhur dhe mir\u00ebmbajtjen e kockave t\u00eb sh\u00ebndetshme dhe ndihmon n\u00eb ruajtjen e dh\u00ebmb\u00ebve t\u00eb sh\u00ebndetsh\u00ebm.  Forma farmaceutike: kapsula.  P\u00ebrb\u00ebrja: 1 kapsul\u00eb Omnikum D3 1000UI p\u00ebrmban 25 mcg vitamin\u00eb D3 (kolekalciferol)\" \/>\n<meta property=\"og:url\" content=\"https:\/\/omnikum.mk\/sq\/product\/omnikum-d\/\" \/>\n<meta property=\"og:site_name\" content=\"\u041e\u043c\u043d\u0438\u043a\u0443\u043c\" \/>\n<meta property=\"article:modified_time\" content=\"2024-11-11T13:54:06+00:00\" \/>\n<meta property=\"og:image\" content=\"https:\/\/omnikum.mk\/wp-content\/uploads\/2021\/01\/Omnikum-Vitamin-D3-1000.png\" \/>\n\t<meta property=\"og:image:width\" content=\"1000\" \/>\n\t<meta property=\"og:image:height\" content=\"1000\" \/>\n<meta name=\"twitter:card\" content=\"summary_large_image\" \/>\n<meta name=\"twitter:label1\" content=\"Est. reading time\">\n\t<meta name=\"twitter:data1\" content=\"2 minutes\">\n<script type=\"application\/ld+json\" class=\"yoast-schema-graph\">{\"@context\":\"https:\/\/schema.org\",\"@graph\":[{\"@type\":\"Organization\",\"@id\":\"https:\/\/omnikum.mk\/#organization\",\"name\":\"\\u041e\\u043c\\u043d\\u0438\\u043a\\u0443\\u043c\",\"url\":\"https:\/\/omnikum.mk\/\",\"sameAs\":[],\"logo\":{\"@type\":\"ImageObject\",\"@id\":\"https:\/\/omnikum.mk\/#logo\",\"inLanguage\":\"sq-AL\",\"url\":\"https:\/\/omnikum.mk\/wp-content\/uploads\/2021\/01\/Logo-Omnikum-1.png\",\"width\":1000,\"height\":1000,\"caption\":\"\\u041e\\u043c\\u043d\\u0438\\u043a\\u0443\\u043c\"},\"image\":{\"@id\":\"https:\/\/omnikum.mk\/#logo\"}},{\"@type\":\"WebSite\",\"@id\":\"https:\/\/omnikum.mk\/#website\",\"url\":\"https:\/\/omnikum.mk\/\",\"name\":\"\\u041e\\u043c\\u043d\\u0438\\u043a\\u0443\\u043c\",\"description\":\"\\u041e\\u0444\\u0438\\u0446\\u0438\\u0458\\u0430\\u043b\\u043d\\u0430 \\u0432\\u0435\\u0431 \\u0441\\u0442\\u0440\\u0430\\u043d\\u0430\",\"publisher\":{\"@id\":\"https:\/\/omnikum.mk\/#organization\"},\"potentialAction\":[{\"@type\":\"SearchAction\",\"target\":\"https:\/\/omnikum.mk\/?s={search_term_string}\",\"query-input\":\"required name=search_term_string\"}],\"inLanguage\":\"sq-AL\"},{\"@type\":\"ImageObject\",\"@id\":\"https:\/\/omnikum.mk\/sq\/product\/omnikum-d\/#primaryimage\",\"inLanguage\":\"sq-AL\",\"url\":\"https:\/\/omnikum.mk\/wp-content\/uploads\/2021\/01\/Omnikum-Vitamin-D3-1000.png\",\"width\":1000,\"height\":1000,\"caption\":\"Vitamin D3\"},{\"@type\":\"WebPage\",\"@id\":\"https:\/\/omnikum.mk\/sq\/product\/omnikum-d\/#webpage\",\"url\":\"https:\/\/omnikum.mk\/sq\/product\/omnikum-d\/\",\"name\":\"Omnikum D3 - \\u041e\\u043c\\u043d\\u0438\\u043a\\u0443\\u043c\",\"isPartOf\":{\"@id\":\"https:\/\/omnikum.mk\/#website\"},\"primaryImageOfPage\":{\"@id\":\"https:\/\/omnikum.mk\/sq\/product\/omnikum-d\/#primaryimage\"},\"datePublished\":\"2021-12-09T12:24:16+00:00\",\"dateModified\":\"2024-11-11T13:54:06+00:00\",\"inLanguage\":\"sq-AL\",\"potentialAction\":[{\"@type\":\"ReadAction\",\"target\":[\"https:\/\/omnikum.mk\/sq\/product\/omnikum-d\/\"]}]}]}<\/script>\n<!-- \/ Yoast SEO plugin. -->","_links":{"self":[{"href":"https:\/\/omnikum.mk\/sq\/wp-json\/wp\/v2\/product\/4975"}],"collection":[{"href":"https:\/\/omnikum.mk\/sq\/wp-json\/wp\/v2\/product"}],"about":[{"href":"https:\/\/omnikum.mk\/sq\/wp-json\/wp\/v2\/types\/product"}],"replies":[{"embeddable":true,"href":"https:\/\/omnikum.mk\/sq\/wp-json\/wp\/v2\/comments?post=4975"}],"wp:featuredmedia":[{"embeddable":true,"href":"https:\/\/omnikum.mk\/sq\/wp-json\/wp\/v2\/media\/4912"}],"wp:attachment":[{"href":"https:\/\/omnikum.mk\/sq\/wp-json\/wp\/v2\/media?parent=4975"}],"curies":[{"name":"wp","href":"https:\/\/api.w.org\/{rel}","templated":true}]}}